{"id":12675,"date":"2025-06-16T16:44:51","date_gmt":"2025-06-16T16:44:51","guid":{"rendered":"https:\/\/skaftfell.is\/home\/"},"modified":"2025-12-02T10:20:18","modified_gmt":"2025-12-02T10:20:18","slug":"home","status":"publish","type":"page","link":"https:\/\/skaftfell.is\/is\/","title":{"rendered":"Forsi\u00f0a"},"content":{"rendered":"<section class=\"bde-section-12675-379 bde-section\">\n  \n  \n\t\n\n\n\n<div class=\"section-container\"><h1 class=\"bde-heading-12675-382 bde-heading\">\nmi\u00f0st\u00f6\u00f0 myndlistar \u00e1 Austurlandi\n<\/h1><div class=\"bde-columns-12675-380 bde-columns\"><div class=\"bde-column-12675-389 bde-column\">\n  \n  \n\t\n\n\n\n<img decoding=\"async\" class=\"bde-image2-12675-425 bde-image2 lazyload\" data-src=\"https:\/\/skaftfell.is\/wp-content\/uploads\/2025\/09\/Skaftfell_House_Bitmap_Green.png\" data-sizes=\"(max-width: 12500px) 100vw, 12500px\" src=\"data:image\/svg+xml;base64,PHN2ZyB3aWR0aD0iMSIgaGVpZ2h0PSIxIiB4bWxucz0iaHR0cDovL3d3dy53My5vcmcvMjAwMC9zdmciPjwvc3ZnPg==\" style=\"--smush-placeholder-width: 12500px; --smush-placeholder-aspect-ratio: 12500\/12500;\">\n<\/div><div class=\"bde-column-12675-381 bde-column\">\n  \n  \n\t\n\n\n\n<div class=\"bde-div-12675-383 bde-div\">\n  \n  \n\t\n\n\n\n<h6 class=\"bde-heading-12675-384 bde-heading\">\nS\u00fdningar, listamannadv\u00f6l og listfr\u00e6\u00f0sla, til h\u00fasa \u00ed s\u00f6gulegri byggingu me\u00f0 bistro, listasafni og galler\u00edi\n<\/h6>\n<\/div>\n<\/div><\/div><\/div>\n<\/section><section class=\"bde-section-12675-393 bde-section\">\n  \n  \n\t\n\n\n\n<div class=\"section-container\"><h6 class=\"bde-heading-12675-426 bde-heading\">\nVi\u00f0 erum sta\u00f0sett a\u00f0 Austurvegi 42 \u00e1 Sey\u00f0isfir\u00f0i og nafn stofnunarinnar er dregi\u00f0 af \u00feriggja h\u00e6\u00f0a timburh\u00fasinu sem h\u00fdsir hana.\n<\/h6><h1 class=\"bde-heading-12675-396 bde-heading\">\nN\u00faverandi s\u00fdningar\n<\/h1><div class=\"bde-post-loop-12675-395 bde-post-loop\"><div class=\"bde-loop bde-loop-grid ee-posts ee-posts-grid\">    <article class=\"bde-loop-item ee-post\">\n        <style>.breakdance .bde-container-link-12177-157-14128-12177-1{background-image:url(https:\/\/skaftfell.is\/wp-content\/uploads\/2026\/04\/GE-scaled-e1775640346307.jpeg)}.breakdance .bde-container-link-12177-157-14128-12177-1>*{z-index:1}.breakdance .bde-container-link-12177-157-14128-12177-1>.section-background-overlay{z-index:0}.breakdance .bde-container-link-12177-157-14128-12177-1>.section-background-overlay{background-color:var(--bde-palette-color-1-701212c6-2455-4ce3-a5c8-3fd4ac87c526);transition:background-color 600ms ease-in-out}.breakdance .bde-container-link-12177-157-14128-12177-1{overflow:hidden}.breakdance .bde-container-link-12177-157-14128-12177-1>.section-background-overlay{opacity:1}.breakdance .bde-container-link-12177-157-14128-12177-1>.section-background-overlay{transition:background-color 600ms ease-in-out}.breakdance .bde-container-link-12177-157-14128-12177-1:hover>.section-background-overlay{background-color:#FFD0FF00}<\/style><a class=\"bde-container-link-12177-157-14128-12177-1 bde-container-link bde-container-link-12177-157 breakdance-link\" href=\"https:\/\/skaftfell.is\/is\/exhibition\/gardar-eymundsson-100-year-anniversary\/\" target=\"_self\" data-type=\"url\">\n              \n  \n  \n\t\n\n  <div class=\"section-background-overlay\"><\/div>\n\n\n<h5 class=\"bde-heading-12177-164-14128-12177-1 bde-heading bde-heading-12177-164\">\nSkaftfellsgaller\u00edi\u00f0\n<\/h5><div class=\"bde-div-12177-166-14128-12177-1 bde-div bde-div-12177-166\">\n  \n  \n\t\n\n\n\n<h6 class=\"bde-heading-12177-165-14128-12177-1 bde-heading bde-heading-12177-165\">\napr\u00edl 25, 2026\n<\/h6><h1 class=\"bde-heading-12177-160-14128-12177-1 bde-heading bde-heading-12177-160\">\nGar\u00f0ar Eymundsson &#8211; 100 \u00e1ra afm\u00e6li\n<\/h1>\n<\/div>\n\n<\/a>    <\/article>\n    <article class=\"bde-loop-item ee-post\">\n        <style>.breakdance .bde-container-link-12177-157-14121-12177-1{background-image:url(https:\/\/skaftfell.is\/wp-content\/smush-webp\/2026\/04\/poster_horizontal.png.webp)}.breakdance .bde-container-link-12177-157-14121-12177-1>*{z-index:1}.breakdance .bde-container-link-12177-157-14121-12177-1>.section-background-overlay{z-index:0}.breakdance .bde-container-link-12177-157-14121-12177-1>.section-background-overlay{background-color:var(--bde-palette-color-1-701212c6-2455-4ce3-a5c8-3fd4ac87c526);transition:background-color 600ms ease-in-out}.breakdance .bde-container-link-12177-157-14121-12177-1{overflow:hidden}.breakdance .bde-container-link-12177-157-14121-12177-1>.section-background-overlay{opacity:1}.breakdance .bde-container-link-12177-157-14121-12177-1>.section-background-overlay{transition:background-color 600ms ease-in-out}.breakdance .bde-container-link-12177-157-14121-12177-1:hover>.section-background-overlay{background-color:#FFD0FF00}<\/style><a class=\"bde-container-link-12177-157-14121-12177-1 bde-container-link bde-container-link-12177-157 breakdance-link\" href=\"https:\/\/skaftfell.is\/is\/exhibition\/its-no-longer-possible-to-map-any-distance\/\" target=\"_self\" data-type=\"url\">\n              \n  \n  \n\t\n\n  <div class=\"section-background-overlay\"><\/div>\n\n\n<h5 class=\"bde-heading-12177-164-14121-12177-1 bde-heading bde-heading-12177-164\">\nSkaftfellsgaller\u00edi\u00f0\n<\/h5><div class=\"bde-div-12177-166-14121-12177-1 bde-div bde-div-12177-166\">\n  \n  \n\t\n\n\n\n<h6 class=\"bde-heading-12177-165-14121-12177-1 bde-heading bde-heading-12177-165\">\nma\u00ed 8, 2026\n<\/h6><h1 class=\"bde-heading-12177-160-14121-12177-1 bde-heading bde-heading-12177-160\">\nIt&#8217;s no longer possible to map any distance\n<\/h1>\n<\/div>\n\n<\/a>    <\/article>\n<\/div>\r\n<\/div><div class=\"bde-button-12675-398 bde-button\">\n        \n    \n    \n    \n    \n            \n                    \n            \n            \n\n    \n    \n    \n    \n    \n    <a class=\"breakdance-link button-atom button-atom--text bde-button__button\" href=\"https:\/\/skaftfell.is\/is\/syningar\/\" target=\"_self\" data-type=\"url\"  >\n\n    \n        <span class=\"button-atom__text\">Sj\u00e1 allt<\/span>\n\n        \n                    \n    <span class=\"button-atom__icon-wrapper\">\n\n        \n            <svg class=\"un-arrow-icon\" width=\"10\" height=\"10\" viewBox=\"0 0 10 10\" aria-hidden=\"true\">\n                <g fill-rule=\"evenodd\">\n                    <path class=\"un-arrow-icon_arrow\" d=\"M1 1l4 4-4 4\"><\/path>\n                <\/g>\n            <\/svg>\n\n        \n    <\/span>\n\n\n        \n                <\/a>\n\n    \n\n\n<\/div><\/div>\n<\/section><section class=\"bde-section-12675-399 bde-section\">\n  \n  \n\t\n\n\n\n<div class=\"section-container\"><div class=\"bde-columns-12675-400 bde-columns\"><div class=\"bde-column-12675-401 bde-column\">\n  \n  \n\t\n\n\n\n<h1 class=\"bde-heading-12675-402 bde-heading\">\nN\u00e6stu vi\u00f0bur\u00f0ir\n<\/h1><div class=\"bde-text-12675-403 bde-text\">\nSkaftfell er samkomusta\u00f0ur listamanna og heimamanna og mi\u00f0st\u00f6\u00f0 myndlistar \u00e1 \u00f6llu sv\u00e6\u00f0inu. Vertu me\u00f0 okkur.\n<\/div><div class=\"bde-div-12675-404 bde-div\">\n  \n  \n\t\n\n\n\n<div class=\"bde-button-12675-405 bde-button\">\n        \n    \n    \n    \n    \n            \n                    \n            \n            \n\n    \n    \n    \n    \n    \n    <a class=\"breakdance-link button-atom button-atom--primary bde-button__button\" href=\"https:\/\/skaftfell.is\/is\/vidburdir-og-verkefni\/\" target=\"_self\" data-type=\"url\"  >\n\n    \n        <span class=\"button-atom__text\">Sko\u00f0a n\u00e1nar<\/span>\n\n        \n        \n                <\/a>\n\n    \n\n\n<\/div>\n<\/div>\n<\/div><div class=\"bde-column-12675-432 bde-column\">\n  \n  \n\t\n\n\n\n<h1 class=\"bde-heading-12675-433 bde-heading\">\nFr\u00e6\u00f0slustarf \n<\/h1><div class=\"bde-text-12675-434 bde-text\">\nSkaftfell sinnir fr\u00e6\u00f0slustarfi fyrir b\u00f6rn, ungmenni og fullor\u00f0na b\u00e6\u00f0i \u00e1 Sey\u00f0isfir\u00f0i og \u00ed n\u00e1grenninu. K\u00edktu \u00e1 dagatali\u00f0 okkar fyrir n\u00e6stu verkefni og samstarfsverkefni.\n<\/div><div class=\"bde-div-12675-435 bde-div\">\n  \n  \n\t\n\n\n\n<div class=\"bde-button-12675-436 bde-button\">\n        \n    \n    \n    \n    \n            \n                    \n            \n            \n\n    \n    \n    \n    \n    \n    <a class=\"breakdance-link button-atom button-atom--primary bde-button__button\" href=\"https:\/\/skaftfell.is\/is\/fraedsla\/\" target=\"_self\" data-type=\"url\"  >\n\n    \n        <span class=\"button-atom__text\">Sko\u00f0a n\u00e1nar<\/span>\n\n        \n        \n                <\/a>\n\n    \n\n\n<\/div>\n<\/div>\n<\/div><\/div><\/div>\n<\/section><section class=\"bde-section-12675-417 bde-section\">\n  \n  \n\t\n\n\n\n<div class=\"section-container\"><div class=\"bde-columns-12675-418 bde-columns\"><div class=\"bde-column-12675-419 bde-column\">\n  \n  \n\t\n\n\n\n<h1 class=\"bde-heading-12675-420 bde-heading\">\nFR\u00c9TTIR\n<\/h1>\n<\/div><\/div><div class=\"bde-post-loop-12675-423 bde-post-loop\"><div class=\"bde-loop bde-loop-masonry ee-posts ee-posts-masonry bde-loop-isotope ee-posts-isotope\">    <article class=\"bde-loop-item ee-post\">\n        <a class=\"bde-container-link-12214-164-14287-12214-1 bde-container-link bde-container-link-12214-164 breakdance-link\" href=\"https:\/\/skaftfell.is\/is\/gestavinnustofa-kata-katla-tomas\/\" target=\"_self\" data-type=\"url\">\n  \n  \n\t\n\n\n\n<div class=\"bde-text-12214-170-14287-12214-1 bde-text bde-text-12214-170\">\nma\u00ed 11, 2026\n<\/div><h4 class=\"bde-heading-12214-158-14287-12214-1 bde-heading bde-heading-12214-158\">\nGestavinnustofa: Kata, Katla &#038; T\u00f3mas\n<\/h4><div class=\"bde-text-12214-166-14287-12214-1 bde-text bde-text-12214-166\">\n\nKata J\u00f3hanness er myndlistarma\u00f0ur \u00far Reykjav\u00edk. H\u00fan sko\u00f0ar tengslamyndun manneskjunnar vi\u00f0 umhverfi sitt og fyrirb\u00e6rin sem \u00fev\u00ed tilheyra en einnig hvernig manneskjan t\u00falkar veruleikann me\u00f0 s\u00f6fnun og skr\u00e1setningu. \u00cd verkum hennar fl\u00e9ttast saman margir \u00fer\u00e6\u00f0ir sem hafa \u00fea\u00f0 sameiginlega markmi\u00f0 a\u00f0 \u00fdta undir skynjun, vir\u00f0ingu og samleik. Verkin skerpa tilfinningu fyrir t\u00edmanum og hvernig allt hangir saman \u00ed fort\u00ed\u00f0, n\u00fat\u00ed\u00f0 og framt\u00ed\u00f0.Katla Bj\u00f6rk Gunnarsd\u00f3ttir er myndlistarma\u00f0ur sem hefur \u00e1huga \u00e1 f\u00f3lki og s\u00f6gum. \u00cd myndlist sinni fjallar h\u00fan me\u00f0al annars um samskipti og hvernig tungum\u00e1li\u00f0 m\u00f3tar heiminn sem vi\u00f0 b\u00faum \u00ed. Markmi\u00f0 hennar er a\u00f0 bl\u00f6rra l\u00ednuna milli raunveruleikans og sk\u00e1ldskapar. \u00de\u00e1 ver\u00f0ur oft til miki\u00f0 gr\u00edn sem h\u00e6gt er a\u00f0 mo\u00f0a \u00far. Katla Bj\u00f6rk er v\u00f6n a\u00f0 vinna \u00ed \u00fdmsa mi\u00f0la en undanfari\u00f0 ha...\n<\/div><div class=\"bde-div-12214-169-14287-12214-1 bde-div bde-div-12214-169\">\n  \n  \n\t\n\n\n\n\n<\/div>\n\n<\/a>    <\/article>\n    <article class=\"bde-loop-item ee-post\">\n        <a class=\"bde-container-link-12210-164-14273-12210-1 bde-container-link bde-container-link-12210-164 breakdance-link\" href=\"https:\/\/skaftfell.is\/is\/open-call-skaftfell-residency-program-2026-2027\/\" target=\"_self\" data-type=\"url\">\n  \n  \n\t\n\n\n\n<div class=\"bde-text-12210-166-14273-12210-1 bde-text bde-text-12210-166\">\nma\u00ed 6, 2026\n<\/div><h4 class=\"bde-heading-12210-158-14273-12210-1 bde-heading bde-heading-12210-158\">\nOPI\u00d0 KALL: Gestavinnustofa Skaftfells 2026 &#8211; 2027!\n<\/h4><div class=\"bde-div-12210-169-14273-12210-1 bde-div bde-div-12210-169\">\n  \n  \n\t\n\n\n\n\n<\/div>\n\n<\/a>    <\/article>\n    <article class=\"bde-loop-item ee-post\">\n        <a class=\"bde-container-link-12210-164-14237-12210-1 bde-container-link bde-container-link-12210-164 breakdance-link\" href=\"https:\/\/skaftfell.is\/is\/stella-og-pietu-i-skaftfelli\/\" target=\"_self\" data-type=\"url\">\n  \n  \n\t\n\n\n\n<div class=\"bde-text-12210-166-14237-12210-1 bde-text bde-text-12210-166\">\napr\u00edl 16, 2026\n<\/div><h4 class=\"bde-heading-12210-158-14237-12210-1 bde-heading bde-heading-12210-158\">\nStella og Pietu \u00ed Skaftfelli\n<\/h4><div class=\"bde-div-12210-169-14237-12210-1 bde-div bde-div-12210-169\">\n  \n  \n\t\n\n\n\n\n<\/div>\n\n<\/a>    <\/article>\n    <article class=\"bde-loop-item ee-post\">\n        <a class=\"bde-container-link-12210-164-14226-12210-1 bde-container-link bde-container-link-12210-164 breakdance-link\" href=\"https:\/\/skaftfell.is\/is\/official-book-launch-of-skaftfell-the-origin-story-1996-2008-by-tinna-gudmundsdottir\/\" target=\"_self\" data-type=\"url\">\n  \n  \n\t\n\n\n\n<div class=\"bde-text-12210-166-14226-12210-1 bde-text bde-text-12210-166\">\napr\u00edl 17, 2026\n<\/div><h4 class=\"bde-heading-12210-158-14226-12210-1 bde-heading bde-heading-12210-158\">\n\u00datg\u00e1fu s\u00f6gub\u00f3kar Skaftfells:Tilur\u00f0arsaga 1996-2008 eftir fyrrum forst\u00f6\u00f0uma\u00f0ur Skaftfells, Tinnu Gu\u00f0mundsd\u00f3ttur.\n<\/h4><div class=\"bde-div-12210-169-14226-12210-1 bde-div bde-div-12210-169\">\n  \n  \n\t\n\n\n\n\n<\/div>\n\n<\/a>    <\/article>\n<div class=\"bde-loop-item-gutter ee-post-gutter\"><\/div><div class=\"bde-loop-item-sizer ee-post-sizer\"><\/div><\/div>\r\n<\/div><div class=\"bde-button-12675-424 bde-button\">\n        \n    \n    \n    \n    \n            \n                    \n            \n            \n\n    \n    \n    \n    \n    \n    <a class=\"breakdance-link button-atom button-atom--text bde-button__button\" href=\"https:\/\/skaftfell.is\/is\/frettir\/\" target=\"_self\" data-type=\"url\"  >\n\n    \n        <span class=\"button-atom__text\">Sj\u00e1 allar f\u00e6rslur<\/span>\n\n        \n                    \n    <span class=\"button-atom__icon-wrapper\">\n\n        \n            <svg class=\"un-arrow-icon\" width=\"10\" height=\"10\" viewBox=\"0 0 10 10\" aria-hidden=\"true\">\n                <g fill-rule=\"evenodd\">\n                    <path class=\"un-arrow-icon_arrow\" d=\"M1 1l4 4-4 4\"><\/path>\n                <\/g>\n            <\/svg>\n\n        \n    <\/span>\n\n\n        \n                <\/a>\n\n    \n\n\n<\/div><\/div>\n<\/section>","protected":false},"excerpt":{"rendered":"<p>mi\u00f0st\u00f6\u00f0 myndlistar \u00e1 Austurlandi S\u00fdningar, listamannadv\u00f6l og listfr\u00e6\u00f0sla, til h\u00fasa \u00ed s\u00f6gulegri byggingu me\u00f0 bistro, listasafni og galler\u00edi Vi\u00f0 erum sta\u00f0sett a\u00f0 Austurvegi 42 \u00e1 Sey\u00f0isfir\u00f0i og nafn stofnunarinnar er dregi\u00f0 af \u00feriggja h\u00e6\u00f0a timburh\u00fasinu sem h\u00fdsir hana. N\u00faverandi s\u00fdningar Skaftfellsgaller\u00edi\u00f0 apr\u00edl 25, 2026 Gar\u00f0ar Eymundsson &#8211; 100 \u00e1ra afm\u00e6li Skaftfellsgaller\u00edi\u00f0 ma\u00ed 8, 2026 It&#8217;s [&hellip;]<\/p>\n","protected":false},"author":1,"featured_media":0,"parent":0,"menu_order":0,"comment_status":"closed","ping_status":"closed","template":"","meta":{"_acf_changed":false,"_breakdance_hide_in_design_set":false,"_breakdance_tags":"","footnotes":""},"class_list":["post-12675","page","type-page","status-publish","hentry"],"acf":[],"_links":{"self":[{"href":"https:\/\/skaftfell.is\/is\/wp-json\/wp\/v2\/pages\/12675","targetHints":{"allow":["GET"]}}],"collection":[{"href":"https:\/\/skaftfell.is\/is\/wp-json\/wp\/v2\/pages"}],"about":[{"href":"https:\/\/skaftfell.is\/is\/wp-json\/wp\/v2\/types\/page"}],"author":[{"embeddable":true,"href":"https:\/\/skaftfell.is\/is\/wp-json\/wp\/v2\/users\/1"}],"replies":[{"embeddable":true,"href":"https:\/\/skaftfell.is\/is\/wp-json\/wp\/v2\/comments?post=12675"}],"version-history":[{"count":0,"href":"https:\/\/skaftfell.is\/is\/wp-json\/wp\/v2\/pages\/12675\/revisions"}],"wp:attachment":[{"href":"https:\/\/skaftfell.is\/is\/wp-json\/wp\/v2\/media?parent=12675"}],"curies":[{"name":"wp","href":"https:\/\/api.w.org\/{rel}","templated":true}]}}