{"id":12776,"date":"2025-07-03T14:01:38","date_gmt":"2025-07-03T14:01:38","guid":{"rendered":"https:\/\/skaftfell.is\/about-us\/skaftfell-group\/"},"modified":"2026-04-14T12:10:34","modified_gmt":"2026-04-14T12:10:34","slug":"skaftfell-group","status":"publish","type":"page","link":"https:\/\/skaftfell.is\/is\/um-okkur\/skaftfell-group\/","title":{"rendered":"Skaftfell Group"},"content":{"rendered":"<section class=\"bde-section-12776-187 bde-section\">\n  \n  \n\t\n\n\n\n<div class=\"section-container\"><div class=\"bde-div-12776-188 bde-div\">\n  \n  \n\t\n\n\n\n<h1 class=\"bde-heading-12776-189 bde-heading\">\nSkaftfellsh\u00f3purinn<br>\n<\/h1><div class=\"bde-text-12776-190 bde-text\">\nSkaftfellsh\u00f3purinn er f\u00e9lag stofna\u00f0 \u00e1ri\u00f0 1997 me\u00f0 \u00fea\u00f0 a\u00f0 markmi\u00f0i a\u00f0 efla listir \u00e1 Sey\u00f0isfir\u00f0i og Austurlandi.\n<\/div>\n<\/div><\/div>\n<\/section><section class=\"bde-section-12776-110 bde-section\">\n  \n  \n\t\n\n\n\n<div class=\"section-container\"><div class=\"bde-columns-12776-111 bde-columns\"><div class=\"bde-column-12776-112 bde-column\">\n  \n  \n\t\n\n\n\n<div class=\"bde-text-12776-114 bde-text\">\nSkaftfellsh\u00f3purinn er grasr\u00f3tarf\u00e9lagsskapur stofna\u00f0ur 1997. F\u00e9lagsskapurinn stofna\u00f0i listami\u00f0st\u00f6\u00f0ina Skaftfelli og hefur \u00e6 s\u00ed\u00f0an studd dyggilega vi\u00f0 baki\u00f0 \u00e1 starfsemi mi\u00f0st\u00f6\u00f0varinnar me\u00f0 \u00f3eigingj\u00f6rnu starfi \u00e1 \u00fdmsum v\u00edgst\u00f6\u00f0vum, allt fr\u00e1 p\u00f3lit\u00edskum lobb\u00edisma til a\u00f0sto\u00f0ar vi\u00f0 m\u00farvinnu.<br><br>\u00cd dag hefur Skaftfellsh\u00f3purinn \u00fea\u00f0 hlutverk a\u00f0 vera bakland Skaftfells og standa v\u00f6r\u00f0 um starfsemi \u00feessi.<br><br>H\u00f3purinn saman stendur af fj\u00f6lda f\u00f3lks sem ber hag Skaftfells fyrir brj\u00f3sti, \u00fea\u00f0 sem einkennir h\u00f3pinn eru tengsl hans annarsvegar vi\u00f0 myndlistarheiminn og hinsvegar vi\u00f0 Sey\u00f0isfj\u00f6r\u00f0.<br><br>H\u00f3purinn \u00e1 tvo fulltr\u00faa \u00ed stj\u00f3rn Skaftfells auk tveggja a\u00f0almanna, \u00feeirra hlutverk er a\u00f0 g\u00e6ta \u00feess a\u00f0 Skaftfell \u00fer\u00f3ist og dafni \u00ed samr\u00e6mi vi\u00f0 upprunalega hugmyndafr\u00e6\u00f0i Skaftfells og \u00ed takt vi\u00f0 al\u00fej\u00f3\u00f0lega strauma og stefnur \u00ed listheiminum.<br><br>Auk \u00feess a\u00f0 velja fulltr\u00faa \u00ed stj\u00f3rn Skaftfells er h\u00f3purinn til sta\u00f0ar fyrir stj\u00f3rnendur Skaftfells \u00feegar \u00e1 \u00fearf a\u00f0 halda, hvort sem \u00fea\u00f0 er til skrafs og r\u00e1\u00f0ager\u00f0a e\u00f0a til a\u00f0 leggjah\u00f6nd \u00e1 pl\u00f3g \u00ed skilgreindum verkefnum.<br><br>\u00dea\u00f0 er mj\u00f6g gaman a\u00f0 vera me\u00f0limur \u00ed Skaftfellsh\u00f3pum, formleg fundarh\u00f6ld eru \u00ed l\u00e1gmarki en a\u00f0alfundur er haldinn \u00e1 3 \u00e1ra fresti, \u00ed takt vi\u00f0 endurn\u00fdjun stj\u00f3rnar Skaftfells. A\u00f0rir fundir eru fyrst og fremst haldnir til a\u00f0 vinna a\u00f0 verkefnum \u00ed \u00fe\u00e1gu Skaftfells og til a\u00f0 nj\u00f3ta \u00feess a\u00f0 hittast. Stj\u00f3rn h\u00f3psins vinnur me\u00f0 forst\u00f6\u00f0umanni Skaftfells a\u00f0 \u00fev\u00ed a\u00f0 styrkja starfsemi h\u00f3psins og leggur mikla \u00e1herslu \u00e1 n\u00fdli\u00f0un innan h\u00f3psins.<br><br>Allir sem bera hag Skaftfells fyrir brj\u00f3sti eru hvattir til a\u00f0 gerast me\u00f0limir \u00ed h\u00f3pnum. Auk \u00feess a\u00f0 leggja sitt af m\u00f6rkum til a\u00f0 sty\u00f0ja vi\u00f0 starfsemi Skaftfells f\u00e1 h\u00f3pme\u00f0limir einnig regluleg fr\u00e9ttabr\u00e9f um starfsemina og fara \u00e1 bo\u00f0slista fyrir s\u00fdningar. Me\u00f0limum h\u00f3psins bj\u00f3\u00f0ast einnig s\u00e9rkj\u00f6r \u00e1 v\u00f6ldu efni \u00ed verslun Skaftfells og er gefin kostur \u00e1 a\u00f0 kaupa \u00ed fors\u00f6lu allt efni sem Skaftfell gefur \u00fat e\u00f0a framlei\u00f0ir s\u00e9 \u00feess kostur.<br><br>F\u00e9lagsgj\u00f6ld eru rukku\u00f0 \u00e1rlega og er grei\u00f0slan og upph\u00e6\u00f0 hennar valfrj\u00e1ls \u00fe\u00f3 mi\u00f0a\u00f0 s\u00e9 vi\u00f0 3.500 kr. F\u00e9lagsgj\u00f6ld fr\u00e1 me\u00f0limum Skaftfellsh\u00f3psins renna \u00f3skipt og \u00f3bundin til starfsemi Skaftfells.<br>\n<\/div><div class=\"bde-button-12776-192 bde-button\">\n    \n                                    \n    \n    \n    \n    \n            \n                    \n            \n            \n\n    \n    \n    \n    \n    \n    <a class=\"breakdance-link button-atom button-atom--primary bde-button__button\" href=\"https:\/\/skaftfell.is\/is\/gerast-felagi\/\" target=\"_self\" data-type=\"url\"  >\n\n    \n        <span class=\"button-atom__text\">Gerast f\u00e9lagi<\/span>\n\n        \n        \n                <\/a>\n\n    \n\n\n<\/div>\n<\/div><div class=\"bde-column-12776-117 bde-column\">\n  \n  \n\t\n\n\n\n\n<\/div><\/div><div class=\"bde-div-12776-176 bde-div\">\n  \n  \n\t\n\n\n\n<div class=\"bde-button-12776-191 bde-button\">\n    \n                        \n                        \n    \n    \n    \n    \n            \n                    \n            \n            \n\n    \n    \n    \n    \n    \n    <a class=\"breakdance-link button-atom button-atom--secondary bde-button__button\" href=\"https:\/\/skaftfell.is\/is\/about-us\/the-dieter-roth-academy\/\" target=\"_self\" data-type=\"url\"  >\n\n    \n        <span class=\"button-atom__text\">Dieter Roth akadem\u00edan<\/span>\n\n        \n        \n                <\/a>\n\n    \n\n\n<\/div><div class=\"bde-button-12776-175 bde-button\">\n    \n                        \n                        \n    \n    \n    \n    \n            \n                    \n            \n            \n\n    \n    \n    \n    \n    \n    <a class=\"breakdance-link button-atom button-atom--secondary bde-button__button\" href=\"https:\/\/skaftfell.is\/wp-content\/uploads\/2025\/07\/skipulagsskra_skaftfell_2004.pdf\" target=\"_blank\" data-type=\"url\"  >\n\n    \n        <span class=\"button-atom__text\">Skipurit<\/span>\n\n        \n        \n                <\/a>\n\n    \n\n\n<\/div>\n<\/div><\/div>\n<\/section>","protected":false},"excerpt":{"rendered":"<p>Skaftfellsh\u00f3purinn Skaftfellsh\u00f3purinn er f\u00e9lag stofna\u00f0 \u00e1ri\u00f0 1997 me\u00f0 \u00fea\u00f0 a\u00f0 markmi\u00f0i a\u00f0 efla listir \u00e1 Sey\u00f0isfir\u00f0i og Austurlandi. Skaftfellsh\u00f3purinn er grasr\u00f3tarf\u00e9lagsskapur stofna\u00f0ur 1997. F\u00e9lagsskapurinn stofna\u00f0i listami\u00f0st\u00f6\u00f0ina Skaftfelli og hefur \u00e6 s\u00ed\u00f0an studd dyggilega vi\u00f0 baki\u00f0 \u00e1 starfsemi mi\u00f0st\u00f6\u00f0varinnar me\u00f0 \u00f3eigingj\u00f6rnu starfi \u00e1 \u00fdmsum v\u00edgst\u00f6\u00f0vum, allt fr\u00e1 p\u00f3lit\u00edskum lobb\u00edisma til a\u00f0sto\u00f0ar vi\u00f0 m\u00farvinnu.\u00cd dag hefur Skaftfellsh\u00f3purinn [&hellip;]<\/p>\n","protected":false},"author":2,"featured_media":0,"parent":12774,"menu_order":0,"comment_status":"closed","ping_status":"closed","template":"","meta":{"_acf_changed":false,"_breakdance_hide_in_design_set":false,"_breakdance_tags":"","footnotes":""},"class_list":["post-12776","page","type-page","status-publish","hentry"],"acf":[],"_links":{"self":[{"href":"https:\/\/skaftfell.is\/is\/wp-json\/wp\/v2\/pages\/12776","targetHints":{"allow":["GET"]}}],"collection":[{"href":"https:\/\/skaftfell.is\/is\/wp-json\/wp\/v2\/pages"}],"about":[{"href":"https:\/\/skaftfell.is\/is\/wp-json\/wp\/v2\/types\/page"}],"author":[{"embeddable":true,"href":"https:\/\/skaftfell.is\/is\/wp-json\/wp\/v2\/users\/2"}],"replies":[{"embeddable":true,"href":"https:\/\/skaftfell.is\/is\/wp-json\/wp\/v2\/comments?post=12776"}],"version-history":[{"count":0,"href":"https:\/\/skaftfell.is\/is\/wp-json\/wp\/v2\/pages\/12776\/revisions"}],"up":[{"embeddable":true,"href":"https:\/\/skaftfell.is\/is\/wp-json\/wp\/v2\/pages\/12774"}],"wp:attachment":[{"href":"https:\/\/skaftfell.is\/is\/wp-json\/wp\/v2\/media?parent=12776"}],"curies":[{"name":"wp","href":"https:\/\/api.w.org\/{rel}","templated":true}]}}