{"id":12779,"date":"2025-07-07T13:34:55","date_gmt":"2025-07-07T13:34:55","guid":{"rendered":"https:\/\/skaftfell.is\/about-us\/the-print-workshop\/"},"modified":"2026-03-06T09:36:11","modified_gmt":"2026-03-06T09:36:11","slug":"the-print-workshop","status":"publish","type":"page","link":"https:\/\/skaftfell.is\/is\/um-okkur\/the-print-workshop\/","title":{"rendered":"The Print Workshop"},"content":{"rendered":"<section class=\"bde-section-12779-344 bde-section\">\n  \n  \n\t\n\n\n\n<div class=\"section-container\"><div class=\"bde-div-12779-345 bde-div\">\n  \n  \n\t\n\n\n\n<h1 class=\"bde-heading-12779-346 bde-heading\">\nThe Print Workshop\n<\/h1>\n<\/div><\/div>\n<\/section><section class=\"bde-section-12779-110 bde-section\">\n  \n  \n\t\n\n\n\n<div class=\"section-container\"><div class=\"bde-columns-12779-111 bde-columns\"><div class=\"bde-column-12779-112 bde-column\">\n  \n  \n\t\n\n\n\n<div class=\"bde-text-12779-114 bde-text\">\nThe Print Workshop is a collaborative project dedicated to offering professional printmaking facilities and taught courses for local and visiting artists and students of all age groups. The new facilities, established in 2021\/2022 with two grants from the Incentive Fund, are housed in \u00d6ldugata 14 and offer rentable space and equipment for silkscreen, intaglio (linocut, woodcut, etching), letterprint and various hand printing techniques. They are replacing the shared printmaking facilities, which were located in the Technical Museum of East Iceland and were completely destroyed in the landslides of December 2020 (see our archived page about the old print workshop here).<br><br>The project partners are: Skaftfell, the Technical Museum of East Iceland, Lunga School, Heima artist collective, artist and printmaker Linus Lohmann, and the Fine Art department of the Iceland University of the Arts.\n<\/div>\n<\/div><div class=\"bde-column-12779-117 bde-column\">\n  \n  \n\t\n\n\n\n\n<\/div><\/div><\/div>\n<\/section><section class=\"bde-section-12779-136 bde-section\">\n  \n  \n\t\n\n\n\n<div class=\"section-container\"><div class=\"bde-gallery-12779-139 bde-gallery\">\n\n\n\n\n\n\n\n\n\n\n\n\n\n<div class=\"ee-gallery ee-gallery--isotope ee-gallery--justified ee-gallery--single ee-gallery--none ee-gallery--zoom-out ee-gallery--caption- ee-gallery--caption-none ee-gallery--ratio\">\n                  \n      <div class=\"ee-gallery-item ee-gallery-item--image ee-gallery-item--single\" href=\"https:\/\/skaftfell.is\/wp-content\/smush-webp\/2026\/02\/DSC00797-scaled.jpg.webp\"  data-sub-html=\"<span><\/span>\" data-category=\"1\"                  data-lg-size=\"2560-1707\"\n\n      >\n        <figure class=\"ee-gallery-item-figure\">\n                        <img decoding=\"async\" class=\"breakdance-image-object lazyload\" data-src=\"https:\/\/skaftfell.is\/wp-content\/smush-webp\/2026\/02\/DSC00797-1024x683.jpg.webp\" width=\"1024\" height=\"683\" data-srcset=\"https:\/\/skaftfell.is\/wp-content\/smush-webp\/2026\/02\/DSC00797-scaled.jpg.webp 2560w, https:\/\/skaftfell.is\/wp-content\/smush-webp\/2026\/02\/DSC00797-300x200.jpg.webp 300w, https:\/\/skaftfell.is\/wp-content\/smush-webp\/2026\/02\/DSC00797-1024x683.jpg.webp 1024w, https:\/\/skaftfell.is\/wp-content\/smush-webp\/2026\/02\/DSC00797-768x512.jpg.webp 768w, https:\/\/skaftfell.is\/wp-content\/smush-webp\/2026\/02\/DSC00797-1536x1024.jpg.webp 1536w, https:\/\/skaftfell.is\/wp-content\/smush-webp\/2026\/02\/DSC00797-2048x1365.jpg.webp 2048w\" data-sizes=\"(max-width: 2560px) 100vw, 2560px\" src=\"data:image\/svg+xml;base64,PHN2ZyB3aWR0aD0iMSIgaGVpZ2h0PSIxIiB4bWxucz0iaHR0cDovL3d3dy53My5vcmcvMjAwMC9zdmciPjwvc3ZnPg==\" style=\"--smush-placeholder-width: 1024px; --smush-placeholder-aspect-ratio: 1024\/683;\">\n          \n                  <\/figure>\n      <\/div>\n\n                \n      <div class=\"ee-gallery-item ee-gallery-item--image ee-gallery-item--single\" href=\"https:\/\/skaftfell.is\/wp-content\/smush-webp\/2026\/03\/Print-Workshop-0489_screen.jpg.webp\"  data-sub-html=\"<span><\/span>\" data-category=\"1\"                  data-lg-size=\"2000-1334\"\n\n      >\n        <figure class=\"ee-gallery-item-figure\">\n                        <img decoding=\"async\" class=\"breakdance-image-object lazyload\" data-src=\"https:\/\/skaftfell.is\/wp-content\/smush-webp\/2026\/03\/Print-Workshop-0489_screen-1024x683.jpg.webp\" width=\"1024\" height=\"683\" data-srcset=\"https:\/\/skaftfell.is\/wp-content\/smush-webp\/2026\/03\/Print-Workshop-0489_screen.jpg.webp 2000w, https:\/\/skaftfell.is\/wp-content\/smush-webp\/2026\/03\/Print-Workshop-0489_screen-300x200.jpg.webp 300w, https:\/\/skaftfell.is\/wp-content\/smush-webp\/2026\/03\/Print-Workshop-0489_screen-1024x683.jpg.webp 1024w, https:\/\/skaftfell.is\/wp-content\/smush-webp\/2026\/03\/Print-Workshop-0489_screen-768x512.jpg.webp 768w, https:\/\/skaftfell.is\/wp-content\/smush-webp\/2026\/03\/Print-Workshop-0489_screen-1536x1025.jpg.webp 1536w\" data-sizes=\"(max-width: 2000px) 100vw, 2000px\" src=\"data:image\/svg+xml;base64,PHN2ZyB3aWR0aD0iMSIgaGVpZ2h0PSIxIiB4bWxucz0iaHR0cDovL3d3dy53My5vcmcvMjAwMC9zdmciPjwvc3ZnPg==\" style=\"--smush-placeholder-width: 1024px; --smush-placeholder-aspect-ratio: 1024\/683;\">\n          \n                  <\/figure>\n      <\/div>\n\n      \n      <div class=\"ee-gallery-gutter\"><\/div>\n  <\/div>\n\n\n\n<\/div><\/div>\n<\/section><section class=\"bde-section-12779-277 bde-section\">\n  \n  \n\t\n\n\n\n<div class=\"section-container\"><h4 class=\"bde-heading-12779-278 bde-heading\">\nOther Facilities & Venues\n<\/h4><div class=\"bde-columns-12779-330 bde-columns\"><div class=\"bde-column-12779-323 bde-column\">\n  \n  \n\t\n\n\n\n<div class=\"bde-image-12779-329 bde-image\">\n<figure class=\"breakdance-image breakdance-image--544\">\n\t<div class=\"breakdance-image-container\">\n\t\t<div class=\"breakdance-image-clip\"><img decoding=\"async\" class=\"breakdance-image-object lazyload\" data-src=\"https:\/\/skaftfell.is\/wp-content\/uploads\/2025\/07\/teqd8m9jjcmju75hxfsh.webp\" width=\"1470\" height=\"980\" data-srcset=\"https:\/\/skaftfell.is\/wp-content\/uploads\/2025\/07\/teqd8m9jjcmju75hxfsh.webp 1470w, https:\/\/skaftfell.is\/wp-content\/uploads\/2025\/07\/teqd8m9jjcmju75hxfsh-300x200.webp 300w, https:\/\/skaftfell.is\/wp-content\/uploads\/2025\/07\/teqd8m9jjcmju75hxfsh-1024x683.webp 1024w, https:\/\/skaftfell.is\/wp-content\/uploads\/2025\/07\/teqd8m9jjcmju75hxfsh-768x512.webp 768w\" data-sizes=\"(max-width: 1470px) 100vw, 1470px\" src=\"data:image\/svg+xml;base64,PHN2ZyB3aWR0aD0iMSIgaGVpZ2h0PSIxIiB4bWxucz0iaHR0cDovL3d3dy53My5vcmcvMjAwMC9zdmciPjwvc3ZnPg==\" style=\"--smush-placeholder-width: 1470px; --smush-placeholder-aspect-ratio: 1470\/980;\"><\/div>\n\t<\/div><\/figure>\n\n<\/div><h5 class=\"bde-heading-12779-324 bde-heading\">\nBistr\u00f3\n<\/h5><div class=\"bde-text-12779-325 bde-text\">\nThe Skaftfell Bistr\u00f3 is located on the first floor of the Skaftfell Art Center, at Austurvegur 42, in Sey\u00f0isfj\u00f6r\u00f0ur. \n<\/div><div class=\"bde-div-12779-326 bde-div\">\n  \n  \n\t\n\n\n\n<div class=\"bde-button-12779-327 bde-button\">\n    \n                        \n                        \n    \n    \n    \n    \n            \n                    \n            \n            \n\n    \n    \n    \n    \n    \n    <a class=\"breakdance-link button-atom button-atom--custom bde-button__button\" href=\"https:\/\/skaftfell.is\/about-us\/bistro\/\" target=\"_self\" data-type=\"url\"  >\n\n    \n        <span class=\"button-atom__text\">Learn more<\/span>\n\n        \n        \n                <\/a>\n\n    \n\n\n<\/div>\n<\/div>\n<\/div><div class=\"bde-column-12779-331 bde-column\">\n  \n  \n\t\n\n\n\n<div class=\"bde-image-12779-337 bde-image\">\n<figure class=\"breakdance-image breakdance-image--546\">\n\t<div class=\"breakdance-image-container\">\n\t\t<div class=\"breakdance-image-clip\"><img decoding=\"async\" class=\"breakdance-image-object lazyload\" data-src=\"https:\/\/skaftfell.is\/wp-content\/smush-webp\/2025\/07\/Tvisongur.png.webp\" width=\"1864\" height=\"1198\" data-srcset=\"https:\/\/skaftfell.is\/wp-content\/smush-webp\/2025\/07\/Tvisongur.png.webp 1864w, https:\/\/skaftfell.is\/wp-content\/smush-webp\/2025\/07\/Tvisongur-300x193.png.webp 300w, https:\/\/skaftfell.is\/wp-content\/smush-webp\/2025\/07\/Tvisongur-1024x658.png.webp 1024w, https:\/\/skaftfell.is\/wp-content\/smush-webp\/2025\/07\/Tvisongur-768x494.png.webp 768w, https:\/\/skaftfell.is\/wp-content\/smush-webp\/2025\/07\/Tvisongur-1536x987.png.webp 1536w\" data-sizes=\"(max-width: 1864px) 100vw, 1864px\" src=\"data:image\/svg+xml;base64,PHN2ZyB3aWR0aD0iMSIgaGVpZ2h0PSIxIiB4bWxucz0iaHR0cDovL3d3dy53My5vcmcvMjAwMC9zdmciPjwvc3ZnPg==\" style=\"--smush-placeholder-width: 1864px; --smush-placeholder-aspect-ratio: 1864\/1198;\"><\/div>\n\t<\/div><\/figure>\n\n<\/div><h5 class=\"bde-heading-12779-332 bde-heading\">\nTv\u00eds\u00f6ngur\n<\/h5><div class=\"bde-text-12779-333 bde-text\">\nTv\u00eds\u00f6ngur is an artwork and open venue by the German artist Lukas K\u00fchne. It was opened for the public on September 5, 2012. \n<\/div><div class=\"bde-div-12779-334 bde-div\">\n  \n  \n\t\n\n\n\n<div class=\"bde-button-12779-335 bde-button\">\n    \n                        \n                        \n    \n    \n    \n    \n            \n                    \n            \n            \n\n    \n    \n    \n    \n    \n    <a class=\"breakdance-link button-atom button-atom--custom bde-button__button\" href=\"https:\/\/skaftfell.is\/about-us\/tvisongur-2\/\" target=\"_self\" data-type=\"url\"  >\n\n    \n        <span class=\"button-atom__text\">Learn more<\/span>\n\n        \n        \n                <\/a>\n\n    \n\n\n<\/div>\n<\/div>\n<\/div><div class=\"bde-column-12779-338 bde-column\">\n  \n  \n\t\n\n\n\n<div class=\"bde-image-12779-339 bde-image\">\n<figure class=\"breakdance-image breakdance-image--547\">\n\t<div class=\"breakdance-image-container\">\n\t\t<div class=\"breakdance-image-clip\"><img decoding=\"async\" class=\"breakdance-image-object lazyload\" data-src=\"https:\/\/skaftfell.is\/wp-content\/smush-webp\/2025\/07\/geirihus-sigurgsigurj.jpg.webp\" width=\"1063\" height=\"498\" data-srcset=\"https:\/\/skaftfell.is\/wp-content\/smush-webp\/2025\/07\/geirihus-sigurgsigurj.jpg.webp 1063w, https:\/\/skaftfell.is\/wp-content\/smush-webp\/2025\/07\/geirihus-sigurgsigurj-300x141.jpg.webp 300w, https:\/\/skaftfell.is\/wp-content\/smush-webp\/2025\/07\/geirihus-sigurgsigurj-1024x480.jpg.webp 1024w, https:\/\/skaftfell.is\/wp-content\/smush-webp\/2025\/07\/geirihus-sigurgsigurj-768x360.jpg.webp 768w\" data-sizes=\"(max-width: 1063px) 100vw, 1063px\" src=\"data:image\/svg+xml;base64,PHN2ZyB3aWR0aD0iMSIgaGVpZ2h0PSIxIiB4bWxucz0iaHR0cDovL3d3dy53My5vcmcvMjAwMC9zdmciPjwvc3ZnPg==\" style=\"--smush-placeholder-width: 1063px; --smush-placeholder-aspect-ratio: 1063\/498;\"><\/div>\n\t<\/div><\/figure>\n\n<\/div><h5 class=\"bde-heading-12779-340 bde-heading\">\nThe house of Geiri\n<\/h5><div class=\"bde-text-12779-341 bde-text\">\n\u00c1sgeir J\u00f3n Emilsson, Geiri, was born in 1931 in H\u00e1t\u00fan, Sey\u00f0isfj\u00f6r\u00f0ur, the youngest of twelve siblings. Geiri always had his home in Sey\u00f0isfj\u00f6r\u00f0ur. \n<\/div><div class=\"bde-div-12779-342 bde-div\">\n  \n  \n\t\n\n\n\n<div class=\"bde-button-12779-343 bde-button\">\n    \n                        \n                        \n    \n    \n    \n    \n            \n                    \n            \n            \n\n    \n    \n    \n    \n    \n    <a class=\"breakdance-link button-atom button-atom--custom bde-button__button\" href=\"https:\/\/skaftfell.is\/about-us\/the-house-of-geiri\/\" target=\"_self\" data-type=\"url\"  >\n\n    \n        <span class=\"button-atom__text\">Learn more<\/span>\n\n        \n        \n                <\/a>\n\n    \n\n\n<\/div>\n<\/div>\n<\/div><\/div><\/div>\n<\/section>","protected":false},"excerpt":{"rendered":"<p>The Print Workshop The Print Workshop is a collaborative project dedicated to offering professional printmaking facilities and taught courses for local and visiting artists and students of all age groups. The new facilities, established in 2021\/2022 with two grants from the Incentive Fund, are housed in \u00d6ldugata 14 and offer rentable space and equipment for [&hellip;]<\/p>\n","protected":false},"author":2,"featured_media":0,"parent":12774,"menu_order":0,"comment_status":"closed","ping_status":"closed","template":"","meta":{"_acf_changed":false,"_breakdance_hide_in_design_set":false,"_breakdance_tags":"","footnotes":""},"class_list":["post-12779","page","type-page","status-publish","hentry"],"acf":[],"_links":{"self":[{"href":"https:\/\/skaftfell.is\/is\/wp-json\/wp\/v2\/pages\/12779","targetHints":{"allow":["GET"]}}],"collection":[{"href":"https:\/\/skaftfell.is\/is\/wp-json\/wp\/v2\/pages"}],"about":[{"href":"https:\/\/skaftfell.is\/is\/wp-json\/wp\/v2\/types\/page"}],"author":[{"embeddable":true,"href":"https:\/\/skaftfell.is\/is\/wp-json\/wp\/v2\/users\/2"}],"replies":[{"embeddable":true,"href":"https:\/\/skaftfell.is\/is\/wp-json\/wp\/v2\/comments?post=12779"}],"version-history":[{"count":0,"href":"https:\/\/skaftfell.is\/is\/wp-json\/wp\/v2\/pages\/12779\/revisions"}],"up":[{"embeddable":true,"href":"https:\/\/skaftfell.is\/is\/wp-json\/wp\/v2\/pages\/12774"}],"wp:attachment":[{"href":"https:\/\/skaftfell.is\/is\/wp-json\/wp\/v2\/media?parent=12779"}],"curies":[{"name":"wp","href":"https:\/\/api.w.org\/{rel}","templated":true}]}}