{"id":12783,"date":"2025-07-07T15:41:12","date_gmt":"2025-07-07T15:41:12","guid":{"rendered":"https:\/\/skaftfell.is\/education\/"},"modified":"2025-10-30T15:41:04","modified_gmt":"2025-10-30T15:41:04","slug":"fraedsla","status":"publish","type":"page","link":"https:\/\/skaftfell.is\/is\/fraedsla\/","title":{"rendered":"Fr\u00e6\u00f0sla"},"content":{"rendered":"<section class=\"bde-section-12783-222 bde-section\">\n  \n  \n\t\n\n\n\n<div class=\"section-container\"><div class=\"bde-div-12783-223 bde-div\">\n  \n  \n\t\n\n\n\n<h1 class=\"bde-heading-12783-224 bde-heading\">\nUm fr\u00e6\u00f0slustarf Skaftfells<br>\n<\/h1><div class=\"bde-text-12783-225 bde-text\">\nSkaftfell sinnir fr\u00e6\u00f0slustarfi fyrir b\u00f6rn, ungmenni og fullor\u00f0na b\u00e6\u00f0i \u00e1 Sey\u00f0isfir\u00f0i og fj\u00f3r\u00f0ungsv\u00edsu.<br><br>\n<\/div>\n<\/div><\/div>\n<\/section><section class=\"bde-section-12783-106 bde-section\">\n  \n  \n\t\n\n\n\n<div class=\"section-container\"><div class=\"bde-columns-12783-107 bde-columns\"><div class=\"bde-column-12783-108 bde-column\">\n  \n  \n\t\n\n\n\n<div class=\"bde-text-12783-109 bde-text\">\n\u00c1ri\u00f0 2007 haf\u00f0i Skaftfel frumkv\u00e6\u00f0i a\u00f0 markvissu fr\u00e6\u00f0slustarfi s\u00e9rsni\u00f0nu a\u00f0 \u00fe\u00f6rfum grunnsk\u00f3lanna \u00e1 Austurlandi. Mi\u00f0st\u00f6\u00f0in hefur s\u00ed\u00f0an \u00fe\u00e1 bo\u00f0i\u00f0 upp \u00e1 listfr\u00e6\u00f0sluverkefni sem fjallar um myndlist og sk\u00f6pun me\u00f0 einum e\u00f0a \u00f6\u00f0rum h\u00e6tti til a\u00f0 au\u00f0ga listgreinakennslu \u00ed fj\u00f3r\u00f0ungnum. Ennfremur hefur mi\u00f0st\u00f6\u00f0in unni\u00f0 n\u00e1i\u00f0 me\u00f0 Sey\u00f0isfjar\u00f0arsk\u00f3la \u00ed fj\u00f6lda \u00e1ra og s\u00e1 m.a. um myndmenntakennslu fyrir elstu nemendur sk\u00f3lans \u00e1 t\u00edmabilinu 2009-2017.<br><br>Listfr\u00e6\u00f0sluverkefni Skaftfells hafa s\u00ed\u00f0ustu \u00e1r veri\u00f0 hluti af BRAS \u2013 menningarh\u00e1t\u00ed\u00f0 barna og ungmenna \u00e1 Austurlandi \u00e1 haustin og \u00ed samstarfi vi\u00f0 List fyrir Alla. Verkefnin eru h\u00f6nnu\u00f0 og kennd af starfandi listam\u00f6nnum og eru bo\u00f0in sk\u00f3lum \u00e1 Austurlandi og Nor\u00f0austurlandi a\u00f0 kostna\u00f0arlausu. Venja er a\u00f0 anna\u00f0 hvert \u00e1r tengist verkefni\u00f0 s\u00fdningu \u00ed Skaftfelli og er \u00fe\u00e1 nemendum bo\u00f0i\u00f0 \u00ed heims\u00f3kn \u00e1 Sey\u00f0isfj\u00f6r\u00f0 \u00fear sem \u00feau vinna verkefni um s\u00fdninguna og f\u00e1 lei\u00f0s\u00f6gn. Hin \u00e1rin fer\u00f0ast verkefnin \u00e1 milli sk\u00f3la. \n<\/div>\n<\/div><div class=\"bde-column-12783-110 bde-column\">\n  \n  \n\t\n\n\n\n\n<\/div><\/div><\/div>\n<\/section><section class=\"bde-section-12783-142 bde-section\">\n  \n  \n\t\n\n\n\n<div class=\"section-container\"><h2 class=\"bde-heading-12783-143 bde-heading\">\nFR\u00c6\u00d0SLUSTARF\n<\/h2><div class=\"bde-columns-12783-144 bde-columns\"><div class=\"bde-column-12783-145 bde-column\">\n  \n  \n\t\n\n\n\n<div class=\"bde-image-12783-146 bde-image\">\n<figure class=\"breakdance-image breakdance-image--712\">\n\t<div class=\"breakdance-image-container\">\n\t\t<div class=\"breakdance-image-clip\"><img decoding=\"async\" class=\"breakdance-image-object lazyload\" data-src=\"https:\/\/skaftfell.is\/wp-content\/smush-webp\/2025\/07\/egs-2048x1345-1.jpeg.webp\" width=\"2048\" height=\"1345\" data-srcset=\"https:\/\/skaftfell.is\/wp-content\/smush-webp\/2025\/07\/egs-2048x1345-1.jpeg.webp 2048w, https:\/\/skaftfell.is\/wp-content\/smush-webp\/2025\/07\/egs-2048x1345-1-300x197.jpeg.webp 300w, https:\/\/skaftfell.is\/wp-content\/smush-webp\/2025\/07\/egs-2048x1345-1-1024x673.jpeg.webp 1024w, https:\/\/skaftfell.is\/wp-content\/smush-webp\/2025\/07\/egs-2048x1345-1-768x504.jpeg.webp 768w, https:\/\/skaftfell.is\/wp-content\/smush-webp\/2025\/07\/egs-2048x1345-1-1536x1009.jpeg.webp 1536w\" data-sizes=\"(max-width: 2048px) 100vw, 2048px\" src=\"data:image\/svg+xml;base64,PHN2ZyB3aWR0aD0iMSIgaGVpZ2h0PSIxIiB4bWxucz0iaHR0cDovL3d3dy53My5vcmcvMjAwMC9zdmciPjwvc3ZnPg==\" style=\"--smush-placeholder-width: 2048px; --smush-placeholder-aspect-ratio: 2048\/1345;\"><\/div>\n\t<\/div><\/figure>\n\n<\/div><h5 class=\"bde-heading-12783-147 bde-heading\">\nListfr\u00e6\u00f0sluverkefni Skaftfells\n<\/h5><div class=\"bde-text-12783-148 bde-text\">\n\u00c1ri\u00f0 2007 haf\u00f0i Skaftfel frumkv\u00e6\u00f0i a\u00f0 markvissu fr\u00e6\u00f0slustarfi s\u00e9rsni\u00f0nu a\u00f0 \u00fe\u00f6rfum grunnsk\u00f3lanna \u00e1 Austurlandi. Mi\u00f0st\u00f6\u00f0in hefur s\u00ed\u00f0an \u00fe\u00e1 bo\u00f0i\u00f0 upp \u00e1 listfr\u00e6\u00f0sluverkefni sem fjallar um myndlist og sk\u00f6pun me\u00f0 einum e\u00f0a \u00f6\u00f0rum h\u00e6tti til a\u00f0 au\u00f0ga listgreinakennslu \u00ed fj\u00f3r\u00f0ungnum. Ennfremur hefur mi\u00f0st\u00f6\u00f0in unni\u00f0 n\u00e1i\u00f0 me\u00f0 Sey\u00f0isfjar\u00f0arsk\u00f3la \u00ed fj\u00f6lda \u00e1ra og s\u00e1 m.a. um myndmenntakennslu fyrir elstu nemendur sk\u00f3lans \u00e1 t\u00edmabilinu 2009-2017.<br>Listfr\u00e6\u00f0sluverkefni Skaftfells hafa s\u00ed\u00f0ustu \u00e1r veri\u00f0 hluti af BRAS \u2013 menningarh\u00e1t\u00ed\u00f0 barna og ungmenna \u00e1 Austurlandi \u00e1 haustin og \u00ed samstarfi vi\u00f0 List fyrir Alla. Verkefnin eru h\u00f6nnu\u00f0 og kennd af starfandi listam\u00f6nnum og eru bo\u00f0in sk\u00f3lum \u00e1 Austurlandi og Nor\u00f0austurlandi a\u00f0 kostna\u00f0arlausu. Venja er a\u00f0 anna\u00f0 hvert \u00e1r tengist verkefni\u00f0 s\u00fdningu \u00ed Skaftfelli og er \u00fe\u00e1 nemendum bo\u00f0i\u00f0 \u00ed heims\u00f3kn \u00e1 Sey\u00f0isfj\u00f6r\u00f0 \u00fear sem \u00feau vinna verkefni um s\u00fdninguna og f\u00e1 lei\u00f0s\u00f6gn. Hin \u00e1rin fer\u00f0ast verkefnin \u00e1 milli sk\u00f3la. \n<\/div>\n<\/div><div class=\"bde-column-12783-151 bde-column\">\n  \n  \n\t\n\n\n\n<div class=\"bde-image-12783-152 bde-image\">\n<figure class=\"breakdance-image breakdance-image--711\">\n\t<div class=\"breakdance-image-container\">\n\t\t<div class=\"breakdance-image-clip\"><img decoding=\"async\" class=\"breakdance-image-object lazyload\" data-src=\"https:\/\/skaftfell.is\/wp-content\/smush-webp\/2025\/07\/IMG_20250115_112611-2048x922-1.jpg.webp\" width=\"2048\" height=\"922\" data-srcset=\"https:\/\/skaftfell.is\/wp-content\/smush-webp\/2025\/07\/IMG_20250115_112611-2048x922-1.jpg.webp 2048w, https:\/\/skaftfell.is\/wp-content\/smush-webp\/2025\/07\/IMG_20250115_112611-2048x922-1-300x135.jpg.webp 300w, https:\/\/skaftfell.is\/wp-content\/smush-webp\/2025\/07\/IMG_20250115_112611-2048x922-1-1024x461.jpg.webp 1024w, https:\/\/skaftfell.is\/wp-content\/smush-webp\/2025\/07\/IMG_20250115_112611-2048x922-1-768x346.jpg.webp 768w, https:\/\/skaftfell.is\/wp-content\/smush-webp\/2025\/07\/IMG_20250115_112611-2048x922-1-1536x692.jpg.webp 1536w\" data-sizes=\"(max-width: 2048px) 100vw, 2048px\" src=\"data:image\/svg+xml;base64,PHN2ZyB3aWR0aD0iMSIgaGVpZ2h0PSIxIiB4bWxucz0iaHR0cDovL3d3dy53My5vcmcvMjAwMC9zdmciPjwvc3ZnPg==\" style=\"--smush-placeholder-width: 2048px; --smush-placeholder-aspect-ratio: 2048\/922;\"><\/div>\n\t<\/div><\/figure>\n\n<\/div><h5 class=\"bde-heading-12783-153 bde-heading\">\nSamstarf vi\u00f0 Listah\u00e1sk\u00f3la \u00cdslands \n<\/h5><div class=\"bde-text-12783-154 bde-text\">\nDieter Roth Akadem\u00edan: \u00c1 t\u00edmabilinu 2001-2018 st\u00f3\u00f0 Dieter Roth Akadem\u00edan, \u00e1samt Listah\u00e1sk\u00f3la \u00cdslands, fyrir \u00e1rlegu n\u00e1mskei\u00f0i fyrir \u00fatskriftarnemendur myndlistardeildar sem bar heiti\u00f0 Vinnustofan Sey\u00f0isfj\u00f6r\u00f0ur. \u00c1 \u00feessum n\u00e1mskei\u00f0um var allur b\u00e6rinn opna\u00f0ur fyrir nemendunum og unnu \u00feeir n\u00e1i\u00f0 me\u00f0 starfsm\u00f6nnum \u00fdmissa verkst\u00e6\u00f0a og fyrirt\u00e6kja \u00ed b\u00e6num a\u00f0 verkum s\u00ednum sem \u00feau endu\u00f0u me\u00f0 a\u00f0 s\u00fdna \u00ed Skaftfelli. Samstarfsa\u00f0ilar voru m.a. T\u00e6kniminjasafn Austurlands og St\u00e1lstj\u00f6rnur.\n<\/div>\n<\/div><\/div><div class=\"bde-columns-12783-226 bde-columns\"><div class=\"bde-column-12783-235 bde-column\">\n  \n  \n\t\n\n\n\n<div class=\"bde-image-12783-236 bde-image\">\n<figure class=\"breakdance-image breakdance-image--13193\">\n\t<div class=\"breakdance-image-container\">\n\t\t<div class=\"breakdance-image-clip\"><img decoding=\"async\" class=\"breakdance-image-object lazyload\" data-src=\"https:\/\/skaftfell.is\/wp-content\/smush-webp\/2025\/10\/DSC01795-scaled.jpg.webp\" width=\"2560\" height=\"1922\" data-srcset=\"https:\/\/skaftfell.is\/wp-content\/smush-webp\/2025\/10\/DSC01795-scaled.jpg.webp 2560w, https:\/\/skaftfell.is\/wp-content\/smush-webp\/2025\/10\/DSC01795-300x225.jpg.webp 300w, https:\/\/skaftfell.is\/wp-content\/smush-webp\/2025\/10\/DSC01795-1024x769.jpg.webp 1024w, https:\/\/skaftfell.is\/wp-content\/smush-webp\/2025\/10\/DSC01795-768x577.jpg.webp 768w, https:\/\/skaftfell.is\/wp-content\/smush-webp\/2025\/10\/DSC01795-1536x1153.jpg.webp 1536w, https:\/\/skaftfell.is\/wp-content\/smush-webp\/2025\/10\/DSC01795-2048x1538.jpg.webp 2048w\" data-sizes=\"(max-width: 2560px) 100vw, 2560px\" src=\"data:image\/svg+xml;base64,PHN2ZyB3aWR0aD0iMSIgaGVpZ2h0PSIxIiB4bWxucz0iaHR0cDovL3d3dy53My5vcmcvMjAwMC9zdmciPjwvc3ZnPg==\" style=\"--smush-placeholder-width: 2560px; --smush-placeholder-aspect-ratio: 2560\/1922;\"><\/div>\n\t<\/div><\/figure>\n\n<\/div><h5 class=\"bde-heading-12783-237 bde-heading\">\nLei\u00f0sagnir\n<\/h5><div class=\"bde-text-12783-238 bde-text\">\nSkaftfell b\u00fd\u00f0ur sk\u00f3lum og \u00f6\u00f0rum h\u00f3pum velkomna upp \u00e1 lei\u00f0sagnir um s\u00fdningar \u00ed s\u00fdningarsal Skaftfells.\n<\/div>\n<\/div><div class=\"bde-column-12783-177 bde-column\">\n  \n  \n\t\n\n\n\n<div class=\"bde-image-12783-178 bde-image\">\n<figure class=\"breakdance-image breakdance-image--13195\">\n\t<div class=\"breakdance-image-container\">\n\t\t<div class=\"breakdance-image-clip\"><img decoding=\"async\" class=\"breakdance-image-object lazyload\" data-src=\"https:\/\/skaftfell.is\/wp-content\/smush-webp\/2025\/10\/DSC01422-scaled.jpg.webp\" width=\"1922\" height=\"2560\" data-srcset=\"https:\/\/skaftfell.is\/wp-content\/smush-webp\/2025\/10\/DSC01422-scaled.jpg.webp 1922w, https:\/\/skaftfell.is\/wp-content\/smush-webp\/2025\/10\/DSC01422-225x300.jpg.webp 225w, https:\/\/skaftfell.is\/wp-content\/smush-webp\/2025\/10\/DSC01422-769x1024.jpg.webp 769w, https:\/\/skaftfell.is\/wp-content\/smush-webp\/2025\/10\/DSC01422-768x1023.jpg.webp 768w, https:\/\/skaftfell.is\/wp-content\/smush-webp\/2025\/10\/DSC01422-1153x1536.jpg.webp 1153w, https:\/\/skaftfell.is\/wp-content\/smush-webp\/2025\/10\/DSC01422-1538x2048.jpg.webp 1538w\" data-sizes=\"(max-width: 1922px) 100vw, 1922px\" src=\"data:image\/svg+xml;base64,PHN2ZyB3aWR0aD0iMSIgaGVpZ2h0PSIxIiB4bWxucz0iaHR0cDovL3d3dy53My5vcmcvMjAwMC9zdmciPjwvc3ZnPg==\" style=\"--smush-placeholder-width: 1922px; --smush-placeholder-aspect-ratio: 1922\/2560;\"><\/div>\n\t<\/div><\/figure>\n\n<\/div><h5 class=\"bde-heading-12783-179 bde-heading\">\nPrentn\u00e1mskei\u00f0\n<\/h5><div class=\"bde-text-12783-180 bde-text\">\n\u00cd samstarfi vi\u00f0 Prentverk Sey\u00f0isfj\u00f6r\u00f0ur stendur Skaftfell reglulega fyrir prensmi\u00f0jum fyrir b\u00f6rn og unglinga \u00ed hinum mismunandi a\u00f0fer\u00f0um prentt\u00e6kninnar. Skaftfell hefur einnig hafi\u00f0 samsarf vi\u00f0 Menntask\u00f3lan \u00e1 Egilsst\u00f6\u00f0um sem kemur n\u00fa \u00e1 haustin \u00ed tengslum vi\u00f0 BRAS og n\u00fdtir s\u00e9r a\u00f0st\u00f6\u00f0una sem hluti af listkennslu \u00ed sk\u00f3lanum.\n<\/div>\n<\/div><\/div><div class=\"bde-columns-12783-176 bde-columns\"><div class=\"bde-column-12783-183 bde-column\">\n  \n  \n\t\n\n\n\n<div class=\"bde-image-12783-184 bde-image\">\n<figure class=\"breakdance-image breakdance-image--13197\">\n\t<div class=\"breakdance-image-container\">\n\t\t<div class=\"breakdance-image-clip\"><img decoding=\"async\" class=\"breakdance-image-object lazyload\" data-src=\"https:\/\/skaftfell.is\/wp-content\/smush-webp\/2025\/10\/1-4-scaled.jpg.webp\" width=\"2560\" height=\"1707\" data-srcset=\"https:\/\/skaftfell.is\/wp-content\/smush-webp\/2025\/10\/1-4-scaled.jpg.webp 2560w, https:\/\/skaftfell.is\/wp-content\/smush-webp\/2025\/10\/1-4-300x200.jpg.webp 300w, https:\/\/skaftfell.is\/wp-content\/smush-webp\/2025\/10\/1-4-1024x683.jpg.webp 1024w, https:\/\/skaftfell.is\/wp-content\/smush-webp\/2025\/10\/1-4-768x512.jpg.webp 768w, https:\/\/skaftfell.is\/wp-content\/smush-webp\/2025\/10\/1-4-1536x1024.jpg.webp 1536w, https:\/\/skaftfell.is\/wp-content\/smush-webp\/2025\/10\/1-4-2048x1365.jpg.webp 2048w\" data-sizes=\"(max-width: 2560px) 100vw, 2560px\" src=\"data:image\/svg+xml;base64,PHN2ZyB3aWR0aD0iMSIgaGVpZ2h0PSIxIiB4bWxucz0iaHR0cDovL3d3dy53My5vcmcvMjAwMC9zdmciPjwvc3ZnPg==\" style=\"--smush-placeholder-width: 2560px; --smush-placeholder-aspect-ratio: 2560\/1707;\"><\/div>\n\t<\/div><\/figure>\n\n<\/div><h5 class=\"bde-heading-12783-185 bde-heading\">\nA\u00f0rar smi\u00f0jur og n\u00e1mskei\u00f0 fyrir b\u00f6rn og fullor\u00f0na<br>\n<\/h5><div class=\"bde-text-12783-186 bde-text\">\nSkaftfell b\u00fd\u00f0ur upp \u00e1 einstakar smi\u00f0jur fyrir b\u00e6\u00f0i fullor\u00f0na og b\u00f6rn \u00ed tengslum vi\u00f0 vi\u00f0bur\u00f0i, gestavinnustofur e\u00f0a s\u00fdningar.\n<\/div>\n<\/div><div class=\"bde-column-12783-189 bde-column\">\n  \n  \n\t\n\n\n\n<div class=\"bde-image-12783-190 bde-image\">\n<figure class=\"breakdance-image breakdance-image--714\">\n\t<div class=\"breakdance-image-container\">\n\t\t<div class=\"breakdance-image-clip\"><img decoding=\"async\" class=\"breakdance-image-object lazyload\" data-src=\"https:\/\/skaftfell.is\/wp-content\/smush-webp\/2025\/07\/IMG_2755-2048x1536-1.jpg.webp\" width=\"2048\" height=\"1536\" data-srcset=\"https:\/\/skaftfell.is\/wp-content\/smush-webp\/2025\/07\/IMG_2755-2048x1536-1.jpg.webp 2048w, https:\/\/skaftfell.is\/wp-content\/smush-webp\/2025\/07\/IMG_2755-2048x1536-1-300x225.jpg.webp 300w, https:\/\/skaftfell.is\/wp-content\/smush-webp\/2025\/07\/IMG_2755-2048x1536-1-1024x768.jpg.webp 1024w, https:\/\/skaftfell.is\/wp-content\/smush-webp\/2025\/07\/IMG_2755-2048x1536-1-768x576.jpg.webp 768w, https:\/\/skaftfell.is\/wp-content\/smush-webp\/2025\/07\/IMG_2755-2048x1536-1-1536x1152.jpg.webp 1536w\" data-sizes=\"(max-width: 2048px) 100vw, 2048px\" src=\"data:image\/svg+xml;base64,PHN2ZyB3aWR0aD0iMSIgaGVpZ2h0PSIxIiB4bWxucz0iaHR0cDovL3d3dy53My5vcmcvMjAwMC9zdmciPjwvc3ZnPg==\" style=\"--smush-placeholder-width: 2048px; --smush-placeholder-aspect-ratio: 2048\/1536;\"><\/div>\n\t<\/div><\/figure>\n\n<\/div><h5 class=\"bde-heading-12783-191 bde-heading\">\nListamannaspj\u00f6ll\n<\/h5><div class=\"bde-text-12783-192 bde-text\">\nSkaftfell stendur fyrir listamannaspj\u00f6llum \u00fear sem gestalistamenn Skaftfells kynna fyrir almenningi \u00fea\u00f0 sem \u00feau eru a\u00f0 vinna \u00e1 me\u00f0an \u00e1 dv\u00f6l \u00feeirra stendur. \u00deessir vi\u00f0bur\u00f0ir eru gjaldfrj\u00e1lsir.\n<\/div>\n<\/div><\/div><\/div>\n<\/section><section class=\"bde-section-12783-195 bde-section\">\n  \n  \n\t\n\n\n\n<div class=\"section-container\"><div class=\"bde-columns-12783-196 bde-columns\"><div class=\"bde-column-12783-197 bde-column\">\n  \n  \n\t\n\n\n\n<h2 class=\"bde-heading-12783-198 bde-heading\">\nVinnustofur\n<\/h2><div class=\"bde-text-12783-199 bde-text\">\nVi\u00f0bur\u00f0ir og n\u00e1mskei\u00f0 eru augl\u00fdst \u00e1 heimas\u00ed\u00f0u Skaftfells og \u00e1 samf\u00e9lagsmi\u00f0lum. Einnig m\u00e6lum vi\u00f0 me\u00f0 a\u00f0 skr\u00e1 sig \u00e1 p\u00f3stlista Skaftfells til a\u00f0 f\u00e1 m\u00e1na\u00f0arlegt fr\u00e9ttabr\u00e9f me\u00f0 \u00f6llum vi\u00f0bur\u00f0um sem \u00e1 dagskr\u00e1 eru.<br>\n<\/div><div class=\"bde-div-12783-200 bde-div\">\n  \n  \n\t\n\n\n\n<div class=\"bde-button-12783-201 bde-button\">\n    \n                        \n                        \n    \n    \n    \n    \n            \n                    \n            \n            \n\n    \n    \n    \n    \n    \n    <a class=\"breakdance-link button-atom button-atom--secondary bde-button__button\" href=\"https:\/\/skaftfell.is\/is\/vidburdir-og-verkefni\/\" target=\"_self\" data-type=\"url\"  >\n\n    \n        <span class=\"button-atom__text\">Sko\u00f0a n\u00e1nar<\/span>\n\n        \n        \n                <\/a>\n\n    \n\n\n<\/div>\n<\/div>\n<\/div><div class=\"bde-column-12783-202 bde-column\">\n  \n  \n\t\n\n\n\n<div class=\"bde-image-12783-203 bde-image\">\n<figure class=\"breakdance-image breakdance-image--13199\">\n\t<div class=\"breakdance-image-container\">\n\t\t<div class=\"breakdance-image-clip\"><img decoding=\"async\" class=\"breakdance-image-object lazyload\" data-src=\"https:\/\/skaftfell.is\/wp-content\/smush-webp\/2025\/10\/DSC00408-scaled.jpg.webp\" width=\"2560\" height=\"1707\" data-srcset=\"https:\/\/skaftfell.is\/wp-content\/smush-webp\/2025\/10\/DSC00408-scaled.jpg.webp 2560w, https:\/\/skaftfell.is\/wp-content\/smush-webp\/2025\/10\/DSC00408-300x200.jpg.webp 300w, https:\/\/skaftfell.is\/wp-content\/smush-webp\/2025\/10\/DSC00408-1024x683.jpg.webp 1024w, https:\/\/skaftfell.is\/wp-content\/smush-webp\/2025\/10\/DSC00408-768x512.jpg.webp 768w, https:\/\/skaftfell.is\/wp-content\/smush-webp\/2025\/10\/DSC00408-1536x1024.jpg.webp 1536w, https:\/\/skaftfell.is\/wp-content\/smush-webp\/2025\/10\/DSC00408-2048x1365.jpg.webp 2048w\" data-sizes=\"(max-width: 2560px) 100vw, 2560px\" src=\"data:image\/svg+xml;base64,PHN2ZyB3aWR0aD0iMSIgaGVpZ2h0PSIxIiB4bWxucz0iaHR0cDovL3d3dy53My5vcmcvMjAwMC9zdmciPjwvc3ZnPg==\" style=\"--smush-placeholder-width: 2560px; --smush-placeholder-aspect-ratio: 2560\/1707;\"><\/div>\n\t<\/div><\/figure>\n\n<\/div>\n<\/div><\/div><div class=\"bde-columns-12783-204 bde-columns\"><div class=\"bde-column-12783-210 bde-column\">\n  \n  \n\t\n\n\n\n<div class=\"bde-image-12783-211 bde-image\">\n<figure class=\"breakdance-image breakdance-image--545\">\n\t<div class=\"breakdance-image-container\">\n\t\t<div class=\"breakdance-image-clip\"><img decoding=\"async\" class=\"breakdance-image-object lazyload\" data-src=\"https:\/\/skaftfell.is\/wp-content\/smush-webp\/2025\/07\/Print-Workshop-0546_screen.jpg.webp\" width=\"2000\" height=\"1349\" data-srcset=\"https:\/\/skaftfell.is\/wp-content\/smush-webp\/2025\/07\/Print-Workshop-0546_screen.jpg.webp 2000w, https:\/\/skaftfell.is\/wp-content\/smush-webp\/2025\/07\/Print-Workshop-0546_screen-300x202.jpg.webp 300w, https:\/\/skaftfell.is\/wp-content\/smush-webp\/2025\/07\/Print-Workshop-0546_screen-1024x691.jpg.webp 1024w, https:\/\/skaftfell.is\/wp-content\/smush-webp\/2025\/07\/Print-Workshop-0546_screen-768x518.jpg.webp 768w, https:\/\/skaftfell.is\/wp-content\/smush-webp\/2025\/07\/Print-Workshop-0546_screen-1536x1036.jpg.webp 1536w\" data-sizes=\"(max-width: 2000px) 100vw, 2000px\" src=\"data:image\/svg+xml;base64,PHN2ZyB3aWR0aD0iMSIgaGVpZ2h0PSIxIiB4bWxucz0iaHR0cDovL3d3dy53My5vcmcvMjAwMC9zdmciPjwvc3ZnPg==\" style=\"--smush-placeholder-width: 2000px; --smush-placeholder-aspect-ratio: 2000\/1349;\"><\/div>\n\t<\/div><\/figure>\n\n<\/div>\n<\/div><div class=\"bde-column-12783-205 bde-column\">\n  \n  \n\t\n\n\n\n<h2 class=\"bde-heading-12783-206 bde-heading\">\nSk\u00f3lar\n<\/h2><div class=\"bde-text-12783-207 bde-text\">\nHefur \u00fe\u00fa hugmynd a\u00f0 heims\u00e6kja okkur me\u00f0 sk\u00f3lanum \u00fe\u00ednum? Sendu okkur skilabo\u00f0 og vi\u00f0 munum l\u00e1ta \u00fea\u00f0 r\u00e6tast.\n<\/div><div class=\"bde-div-12783-208 bde-div\">\n  \n  \n\t\n\n\n\n<div class=\"bde-button-12783-209 bde-button\">\n    \n                        \n                        \n    \n    \n    \n    \n            \n                    \n            \n            \n\n    \n    \n    \n    \n    \n    <a class=\"breakdance-link button-atom button-atom--secondary bde-button__button\" href=\"https:\/\/skaftfell.is\/contact-us\/\" target=\"_self\" data-type=\"url\"  >\n\n    \n        <span class=\"button-atom__text\">Sko\u00f0a n\u00e1nar<\/span>\n\n        \n        \n                <\/a>\n\n    \n\n\n<\/div>\n<\/div>\n<\/div><\/div><\/div>\n<\/section>","protected":false},"excerpt":{"rendered":"<p>Um fr\u00e6\u00f0slustarf Skaftfells Skaftfell sinnir fr\u00e6\u00f0slustarfi fyrir b\u00f6rn, ungmenni og fullor\u00f0na b\u00e6\u00f0i \u00e1 Sey\u00f0isfir\u00f0i og fj\u00f3r\u00f0ungsv\u00edsu. \u00c1ri\u00f0 2007 haf\u00f0i Skaftfel frumkv\u00e6\u00f0i a\u00f0 markvissu fr\u00e6\u00f0slustarfi s\u00e9rsni\u00f0nu a\u00f0 \u00fe\u00f6rfum grunnsk\u00f3lanna \u00e1 Austurlandi. Mi\u00f0st\u00f6\u00f0in hefur s\u00ed\u00f0an \u00fe\u00e1 bo\u00f0i\u00f0 upp \u00e1 listfr\u00e6\u00f0sluverkefni sem fjallar um myndlist og sk\u00f6pun me\u00f0 einum e\u00f0a \u00f6\u00f0rum h\u00e6tti til a\u00f0 au\u00f0ga listgreinakennslu \u00ed fj\u00f3r\u00f0ungnum. [&hellip;]<\/p>\n","protected":false},"author":2,"featured_media":0,"parent":0,"menu_order":0,"comment_status":"closed","ping_status":"closed","template":"","meta":{"_acf_changed":false,"_breakdance_hide_in_design_set":false,"_breakdance_tags":"","footnotes":""},"class_list":["post-12783","page","type-page","status-publish","hentry"],"acf":[],"_links":{"self":[{"href":"https:\/\/skaftfell.is\/is\/wp-json\/wp\/v2\/pages\/12783","targetHints":{"allow":["GET"]}}],"collection":[{"href":"https:\/\/skaftfell.is\/is\/wp-json\/wp\/v2\/pages"}],"about":[{"href":"https:\/\/skaftfell.is\/is\/wp-json\/wp\/v2\/types\/page"}],"author":[{"embeddable":true,"href":"https:\/\/skaftfell.is\/is\/wp-json\/wp\/v2\/users\/2"}],"replies":[{"embeddable":true,"href":"https:\/\/skaftfell.is\/is\/wp-json\/wp\/v2\/comments?post=12783"}],"version-history":[{"count":0,"href":"https:\/\/skaftfell.is\/is\/wp-json\/wp\/v2\/pages\/12783\/revisions"}],"wp:attachment":[{"href":"https:\/\/skaftfell.is\/is\/wp-json\/wp\/v2\/media?parent=12783"}],"curies":[{"name":"wp","href":"https:\/\/api.w.org\/{rel}","templated":true}]}}