{"id":12784,"date":"2025-09-29T10:28:43","date_gmt":"2025-09-29T10:28:43","guid":{"rendered":"https:\/\/skaftfell.is\/events-projects\/"},"modified":"2025-10-16T14:34:04","modified_gmt":"2025-10-16T14:34:04","slug":"vidburdir-og-verkefni","status":"publish","type":"page","link":"https:\/\/skaftfell.is\/is\/vidburdir-og-verkefni\/","title":{"rendered":"Vi\u00f0bur\u00f0ir og verkefni"},"content":{"rendered":"<section class=\"bde-section-12784-100 bde-section\">\n  \n  \n\t\n\n\n\n<div class=\"section-container\"><div class=\"bde-div-12784-101 bde-div\">\n  \n  \n\t\n\n\n\n<h1 class=\"bde-heading-12784-102 bde-heading\">\nVi\u00f0bur\u00f0ir og verkefni\n<\/h1><div class=\"bde-text-12784-103 bde-text\">\nListami\u00f0st\u00f6\u00f0in Skaftfell b\u00fd\u00f0ur upp \u00e1 fj\u00f6lbreytta vi\u00f0bur\u00f0i fyrir alla: listamenn og listunnendur. Sko\u00f0i\u00f0 dagskr\u00e1na okkar og einnig verkefni listamanna okkar sem eru \u00ed dvalarheimilinu.\n<\/div>\n<\/div><\/div>\n<\/section><section class=\"bde-section-12784-104 bde-section\">\n  \n  \n\t\n\n\n\n<div class=\"section-container\"><h2 class=\"bde-heading-12784-112 bde-heading\">\nkomandi vi\u00f0bur\u00f0ir\n<\/h2><div class=\"bde-post-loop-12784-119 bde-post-loop\">\r\n<\/div><\/div>\n<\/section><section class=\"bde-section-12784-109 bde-section\">\n  \n  \n\t\n\n\n\n<div class=\"section-container\"><h2 class=\"bde-heading-12784-111 bde-heading\">\nVerkefni\n<\/h2><div class=\"bde-post-loop-12784-110 bde-post-loop\"><div class=\"bde-loop bde-loop-grid ee-posts ee-posts-grid\">    <article class=\"bde-loop-item ee-post\">\n        <style>.breakdance .bde-container-link-12613-157-12365-12613-1{background-image:url(https:\/\/skaftfell.is\/wp-content\/smush-webp\/2025\/08\/open_call_8.png.webp)}.breakdance .bde-container-link-12613-157-12365-12613-1>*{z-index:1}.breakdance .bde-container-link-12613-157-12365-12613-1>.section-background-overlay{z-index:0}.breakdance .bde-container-link-12613-157-12365-12613-1>.section-background-overlay{background-color:var(--bde-palette-color-2-c02311a4-d6ec-4a5b-a7ed-7a5812556aa4);transition:background-color 600ms ease-in-out}.breakdance .bde-container-link-12613-157-12365-12613-1{overflow:hidden}.breakdance .bde-container-link-12613-157-12365-12613-1>.section-background-overlay{opacity:1}.breakdance .bde-container-link-12613-157-12365-12613-1>.section-background-overlay{transition:background-color 600ms ease-in-out}.breakdance .bde-container-link-12613-157-12365-12613-1:hover>.section-background-overlay{background-color:#FFD0FF00}<\/style><a class=\"bde-container-link-12613-157-12365-12613-1 bde-container-link bde-container-link-12613-157 breakdance-link\" href=\"https:\/\/skaftfell.is\/is\/project\/congratulations-to-the-nordic-baltic-grant-recipients\/\" target=\"_self\" data-type=\"url\">\n              \n  \n  \n\t\n\n  <div class=\"section-background-overlay\"><\/div>\n\n\n<div class=\"bde-div-12613-166-12365-12613-1 bde-div bde-div-12613-166\">\n  \n  \n\t\n\n\n\n<h1 class=\"bde-heading-12613-160-12365-12613-1 bde-heading bde-heading-12613-160\">\nCongratulations to the Nordic Baltic Grant Recipients\n<\/h1>\n<\/div>\n\n<\/a>    <\/article>\n    <article class=\"bde-loop-item ee-post\">\n        <style>.breakdance .bde-container-link-12613-157-11848-12613-1{background-image:url(https:\/\/skaftfell.is\/wp-content\/smush-webp\/2025\/08\/IMG_0840-scaled-2.jpeg.webp)}.breakdance .bde-container-link-12613-157-11848-12613-1>*{z-index:1}.breakdance .bde-container-link-12613-157-11848-12613-1>.section-background-overlay{z-index:0}.breakdance .bde-container-link-12613-157-11848-12613-1>.section-background-overlay{background-color:var(--bde-palette-color-2-c02311a4-d6ec-4a5b-a7ed-7a5812556aa4);transition:background-color 600ms ease-in-out}.breakdance .bde-container-link-12613-157-11848-12613-1{overflow:hidden}.breakdance .bde-container-link-12613-157-11848-12613-1>.section-background-overlay{opacity:1}.breakdance .bde-container-link-12613-157-11848-12613-1>.section-background-overlay{transition:background-color 600ms ease-in-out}.breakdance .bde-container-link-12613-157-11848-12613-1:hover>.section-background-overlay{background-color:#FFD0FF00}<\/style><a class=\"bde-container-link-12613-157-11848-12613-1 bde-container-link bde-container-link-12613-157 breakdance-link\" href=\"https:\/\/skaftfell.is\/is\/project\/nordic-alliance-of-artists-residencies-on-climate-action-naarca-2021-2024\/\" target=\"_self\" data-type=\"url\">\n              \n  \n  \n\t\n\n  <div class=\"section-background-overlay\"><\/div>\n\n\n<div class=\"bde-div-12613-166-11848-12613-1 bde-div bde-div-12613-166\">\n  \n  \n\t\n\n\n\n<h1 class=\"bde-heading-12613-160-11848-12613-1 bde-heading bde-heading-12613-160\">\nNordic Alliance of Artists\u2019 Residencies on Climate Action (NAARCA), 2021-2024\n<\/h1>\n<\/div>\n\n<\/a>    <\/article>\n    <article class=\"bde-loop-item ee-post\">\n        <a class=\"bde-container-link-12613-157-11851-12613-1 bde-container-link bde-container-link-12613-157 breakdance-link\" href=\"https:\/\/skaftfell.is\/is\/project\/gardening-of-soul-in-five-chapters-2022-2024\/\" target=\"_self\" data-type=\"url\">\n              \n  \n  \n\t\n\n  <div class=\"section-background-overlay\"><\/div>\n\n\n<div class=\"bde-div-12613-166-11851-12613-1 bde-div bde-div-12613-166\">\n  \n  \n\t\n\n\n\n<h1 class=\"bde-heading-12613-160-11851-12613-1 bde-heading bde-heading-12613-160\">\nGardening of Soul: In Five Chapters, 2022-2024\n<\/h1>\n<\/div>\n\n<\/a>    <\/article>\n    <article class=\"bde-loop-item ee-post\">\n        <a class=\"bde-container-link-12613-157-11853-12613-1 bde-container-link bde-container-link-12613-157 breakdance-link\" href=\"https:\/\/skaftfell.is\/is\/project\/frontiers-in-retreat-2013-2018\/\" target=\"_self\" data-type=\"url\">\n              \n  \n  \n\t\n\n  <div class=\"section-background-overlay\"><\/div>\n\n\n<div class=\"bde-div-12613-166-11853-12613-1 bde-div bde-div-12613-166\">\n  \n  \n\t\n\n\n\n<h1 class=\"bde-heading-12613-160-11853-12613-1 bde-heading bde-heading-12613-160\">\nFrontiers in Retreat, 2013-2018\n<\/h1>\n<\/div>\n\n<\/a>    <\/article>\n    <article class=\"bde-loop-item ee-post\">\n        <style>.breakdance .bde-container-link-12613-157-11844-12613-1{background-image:url(https:\/\/skaftfell.is\/wp-content\/smush-webp\/2025\/08\/narrative-collective.png.webp)}.breakdance .bde-container-link-12613-157-11844-12613-1>*{z-index:1}.breakdance .bde-container-link-12613-157-11844-12613-1>.section-background-overlay{z-index:0}.breakdance .bde-container-link-12613-157-11844-12613-1>.section-background-overlay{background-color:var(--bde-palette-color-2-c02311a4-d6ec-4a5b-a7ed-7a5812556aa4);transition:background-color 600ms ease-in-out}.breakdance .bde-container-link-12613-157-11844-12613-1{overflow:hidden}.breakdance .bde-container-link-12613-157-11844-12613-1>.section-background-overlay{opacity:1}.breakdance .bde-container-link-12613-157-11844-12613-1>.section-background-overlay{transition:background-color 600ms ease-in-out}.breakdance .bde-container-link-12613-157-11844-12613-1:hover>.section-background-overlay{background-color:#FFD0FF00}<\/style><a class=\"bde-container-link-12613-157-11844-12613-1 bde-container-link bde-container-link-12613-157 breakdance-link\" href=\"https:\/\/skaftfell.is\/is\/project\/the-narrative-collection-2011-2012\/\" target=\"_self\" data-type=\"url\">\n              \n  \n  \n\t\n\n  <div class=\"section-background-overlay\"><\/div>\n\n\n<div class=\"bde-div-12613-166-11844-12613-1 bde-div bde-div-12613-166\">\n  \n  \n\t\n\n\n\n<h1 class=\"bde-heading-12613-160-11844-12613-1 bde-heading bde-heading-12613-160\">\nThe Narrative Collection 2011-2012\n<\/h1>\n<\/div>\n\n<\/a>    <\/article>\n<\/div>\r\n<\/div><\/div>\n<\/section>","protected":false},"excerpt":{"rendered":"<p>Vi\u00f0bur\u00f0ir og verkefni Listami\u00f0st\u00f6\u00f0in Skaftfell b\u00fd\u00f0ur upp \u00e1 fj\u00f6lbreytta vi\u00f0bur\u00f0i fyrir alla: listamenn og listunnendur. Sko\u00f0i\u00f0 dagskr\u00e1na okkar og einnig verkefni listamanna okkar sem eru \u00ed dvalarheimilinu. komandi vi\u00f0bur\u00f0ir Verkefni Congratulations to the Nordic Baltic Grant Recipients Nordic Alliance of Artists\u2019 Residencies on Climate Action (NAARCA), 2021-2024 Gardening of Soul: In Five Chapters, 2022-2024 Frontiers [&hellip;]<\/p>\n","protected":false},"author":2,"featured_media":0,"parent":0,"menu_order":0,"comment_status":"closed","ping_status":"closed","template":"","meta":{"_acf_changed":false,"_breakdance_hide_in_design_set":false,"_breakdance_tags":"","footnotes":""},"class_list":["post-12784","page","type-page","status-publish","hentry"],"acf":[],"_links":{"self":[{"href":"https:\/\/skaftfell.is\/is\/wp-json\/wp\/v2\/pages\/12784","targetHints":{"allow":["GET"]}}],"collection":[{"href":"https:\/\/skaftfell.is\/is\/wp-json\/wp\/v2\/pages"}],"about":[{"href":"https:\/\/skaftfell.is\/is\/wp-json\/wp\/v2\/types\/page"}],"author":[{"embeddable":true,"href":"https:\/\/skaftfell.is\/is\/wp-json\/wp\/v2\/users\/2"}],"replies":[{"embeddable":true,"href":"https:\/\/skaftfell.is\/is\/wp-json\/wp\/v2\/comments?post=12784"}],"version-history":[{"count":0,"href":"https:\/\/skaftfell.is\/is\/wp-json\/wp\/v2\/pages\/12784\/revisions"}],"wp:attachment":[{"href":"https:\/\/skaftfell.is\/is\/wp-json\/wp\/v2\/media?parent=12784"}],"curies":[{"name":"wp","href":"https:\/\/api.w.org\/{rel}","templated":true}]}}