{"id":12785,"date":"2025-07-01T15:30:32","date_gmt":"2025-07-01T15:30:32","guid":{"rendered":"https:\/\/skaftfell.is\/exhibitions\/"},"modified":"2026-04-09T09:57:12","modified_gmt":"2026-04-09T09:57:12","slug":"syningar","status":"publish","type":"page","link":"https:\/\/skaftfell.is\/is\/syningar\/","title":{"rendered":"Syningar"},"content":{"rendered":"<section class=\"bde-section-12785-528 bde-section\">\n  \n  \n\t\n\n\n\n<div class=\"section-container\"><div class=\"bde-div-12785-529 bde-div\">\n  \n  \n\t\n\n\n\n<h1 class=\"bde-heading-12785-530 bde-heading\">\nS\u00fdningar\n<\/h1><div class=\"bde-text-12785-531 bde-text\">\nListami\u00f0st\u00f6\u00f0in Skaftfell er ein af \u00feremur menningarmi\u00f0st\u00f6\u00f0vum \u00e1 sv\u00e6\u00f0inu sem starfar samkv\u00e6mt samkomulagi um menningarm\u00e1l milli r\u00edkis og sveitarf\u00e9laga \u00e1 Austurlandi.\n<\/div>\n<\/div><\/div>\n<\/section><section class=\"bde-section-12785-532 bde-section\">\n  \n  \n\t\n\n\n\n<div class=\"section-container\"><div class=\"bde-post-loop-12785-533 bde-post-loop\">    <div class=\"bde-isotope-filter-bar\">\n        <div class=\"bde-tabs\">\n            \n\n        \n      <select aria-label=\"Content tabs\" class=\"bde-tabs__select js-tab-select\">\n              <option value=\"all\" data-value=\"all\">Allar s\u00fdningar<\/option>\n      \n              <option value=\"tab-isotope-1\" data-value=\"425\">\n          Yfirstandandi s\u00fdningar\n        <\/option>\n              <option value=\"tab-isotope-2\" data-value=\"428\">\n          V\u00e6ntanlegt\n        <\/option>\n          <\/select>\n  \n  \n  <div class=\"bde-tabs__tabslist-container bde-tabs__tabslist-container--dropdown is-horizontal js-tabs-container\">\n    <div class=\"bde-tabs__tabslist bde-tabs__tabslist--pills js-tablist\" role=\"tablist\" aria-label=\"Content tabs\" aria-orientation=\"horizontal\" data-tabs-id=\"isotope\">\n              <button role=\"tab\" aria-selected=\"false\" class=\"bde-tabs__tab js-tab\" aria-controls=\"tab-panel-isotope-all\" id=\"tab-isotope-all\" data-value=\"all\">\n          <span class=\"bde-tabs__tab-title\">Allar s\u00fdningar<\/span>\n        <\/button>\n      \n              <button role=\"tab\" aria-selected=\"false\" class=\"bde-tabs__tab js-tab\" aria-controls=\"tab-panel-isotope-1\" id=\"tab-isotope-1\" data-value=\"425\">\n                    <span class=\"bde-tabs__tab-title\">Yfirstandandi s\u00fdningar<\/span>\n        <\/button>\n              <button role=\"tab\" aria-selected=\"false\" class=\"bde-tabs__tab js-tab\" aria-controls=\"tab-panel-isotope-2\" id=\"tab-isotope-2\" data-value=\"428\">\n                    <span class=\"bde-tabs__tab-title\">V\u00e6ntanlegt<\/span>\n        <\/button>\n          <\/div>\n  <\/div>\n\n\n        <\/div>\n    <\/div>\n<div class=\"bde-loop bde-loop-grid ee-posts ee-posts-grid bde-loop-isotope ee-posts-isotope\">    <article class=\"bde-loop-item ee-post\" data-filters=\"425\">\n        <style>.breakdance .bde-container-link-12177-157-14113-12177-1{background-image:url(https:\/\/skaftfell.is\/wp-content\/smush-webp\/2026\/04\/Monuments.jpg.webp)}.breakdance .bde-container-link-12177-157-14113-12177-1>*{z-index:1}.breakdance .bde-container-link-12177-157-14113-12177-1>.section-background-overlay{z-index:0}.breakdance .bde-container-link-12177-157-14113-12177-1>.section-background-overlay{background-color:var(--bde-palette-color-1-701212c6-2455-4ce3-a5c8-3fd4ac87c526);transition:background-color 600ms ease-in-out}.breakdance .bde-container-link-12177-157-14113-12177-1{overflow:hidden}.breakdance .bde-container-link-12177-157-14113-12177-1>.section-background-overlay{opacity:1}.breakdance .bde-container-link-12177-157-14113-12177-1>.section-background-overlay{transition:background-color 600ms ease-in-out}.breakdance .bde-container-link-12177-157-14113-12177-1:hover>.section-background-overlay{background-color:#FFD0FF00}<\/style><a class=\"bde-container-link-12177-157-14113-12177-1 bde-container-link bde-container-link-12177-157 breakdance-link\" href=\"https:\/\/skaftfell.is\/is\/exhibition\/gardar-bachmann-thordarson-monuments\/\" target=\"_self\" data-type=\"url\">\n              \n  \n  \n\t\n\n  <div class=\"section-background-overlay\"><\/div>\n\n\n<h5 class=\"bde-heading-12177-164-14113-12177-1 bde-heading bde-heading-12177-164\">\nVesturveggur (Bistr\u00f3)\n<\/h5><div class=\"bde-div-12177-166-14113-12177-1 bde-div bde-div-12177-166\">\n  \n  \n\t\n\n\n\n<h6 class=\"bde-heading-12177-165-14113-12177-1 bde-heading bde-heading-12177-165\">\napr\u00edl 10, 2026\n<\/h6><h1 class=\"bde-heading-12177-160-14113-12177-1 bde-heading bde-heading-12177-160\">\nGar\u00f0ar Bachmann \u00de\u00f3r\u00f0arson: Skaflar\n<\/h1>\n<\/div>\n\n<\/a>    <\/article>\n    <article class=\"bde-loop-item ee-post\" data-filters=\"428\">\n        <style>.breakdance .bde-container-link-12177-157-14128-12177-1{background-image:url(https:\/\/skaftfell.is\/wp-content\/uploads\/2026\/04\/GE-scaled-e1775640346307.jpeg)}.breakdance .bde-container-link-12177-157-14128-12177-1>*{z-index:1}.breakdance .bde-container-link-12177-157-14128-12177-1>.section-background-overlay{z-index:0}.breakdance .bde-container-link-12177-157-14128-12177-1>.section-background-overlay{background-color:var(--bde-palette-color-1-701212c6-2455-4ce3-a5c8-3fd4ac87c526);transition:background-color 600ms ease-in-out}.breakdance .bde-container-link-12177-157-14128-12177-1{overflow:hidden}.breakdance .bde-container-link-12177-157-14128-12177-1>.section-background-overlay{opacity:1}.breakdance .bde-container-link-12177-157-14128-12177-1>.section-background-overlay{transition:background-color 600ms ease-in-out}.breakdance .bde-container-link-12177-157-14128-12177-1:hover>.section-background-overlay{background-color:#FFD0FF00}<\/style><a class=\"bde-container-link-12177-157-14128-12177-1 bde-container-link bde-container-link-12177-157 breakdance-link\" href=\"https:\/\/skaftfell.is\/is\/exhibition\/gardar-eymundsson-100-year-anniversary\/\" target=\"_self\" data-type=\"url\">\n              \n  \n  \n\t\n\n  <div class=\"section-background-overlay\"><\/div>\n\n\n<h5 class=\"bde-heading-12177-164-14128-12177-1 bde-heading bde-heading-12177-164\">\nSkaftfellsgaller\u00edi\u00f0\n<\/h5><div class=\"bde-div-12177-166-14128-12177-1 bde-div bde-div-12177-166\">\n  \n  \n\t\n\n\n\n<h6 class=\"bde-heading-12177-165-14128-12177-1 bde-heading bde-heading-12177-165\">\napr\u00edl 25, 2026\n<\/h6><h1 class=\"bde-heading-12177-160-14128-12177-1 bde-heading bde-heading-12177-160\">\nGar\u00f0ar Eymundsson &#8211; 100 \u00e1ra afm\u00e6li\n<\/h1>\n<\/div>\n\n<\/a>    <\/article>\n    <article class=\"bde-loop-item ee-post\" data-filters=\"428\">\n        <style>.breakdance .bde-container-link-12177-157-14121-12177-1{background-image:url(https:\/\/skaftfell.is\/wp-content\/smush-webp\/2026\/04\/poster_horizontal.png.webp)}.breakdance .bde-container-link-12177-157-14121-12177-1>*{z-index:1}.breakdance .bde-container-link-12177-157-14121-12177-1>.section-background-overlay{z-index:0}.breakdance .bde-container-link-12177-157-14121-12177-1>.section-background-overlay{background-color:var(--bde-palette-color-1-701212c6-2455-4ce3-a5c8-3fd4ac87c526);transition:background-color 600ms ease-in-out}.breakdance .bde-container-link-12177-157-14121-12177-1{overflow:hidden}.breakdance .bde-container-link-12177-157-14121-12177-1>.section-background-overlay{opacity:1}.breakdance .bde-container-link-12177-157-14121-12177-1>.section-background-overlay{transition:background-color 600ms ease-in-out}.breakdance .bde-container-link-12177-157-14121-12177-1:hover>.section-background-overlay{background-color:#FFD0FF00}<\/style><a class=\"bde-container-link-12177-157-14121-12177-1 bde-container-link bde-container-link-12177-157 breakdance-link\" href=\"https:\/\/skaftfell.is\/is\/exhibition\/its-no-longer-possible-to-map-any-distance\/\" target=\"_self\" data-type=\"url\">\n              \n  \n  \n\t\n\n  <div class=\"section-background-overlay\"><\/div>\n\n\n<h5 class=\"bde-heading-12177-164-14121-12177-1 bde-heading bde-heading-12177-164\">\nSkaftfellsgaller\u00edi\u00f0\n<\/h5><div class=\"bde-div-12177-166-14121-12177-1 bde-div bde-div-12177-166\">\n  \n  \n\t\n\n\n\n<h6 class=\"bde-heading-12177-165-14121-12177-1 bde-heading bde-heading-12177-165\">\nma\u00ed 8, 2026\n<\/h6><h1 class=\"bde-heading-12177-160-14121-12177-1 bde-heading bde-heading-12177-160\">\nIt&#8217;s no longer possible to map any distance\n<\/h1>\n<\/div>\n\n<\/a>    <\/article>\n    <article class=\"bde-loop-item ee-post\" data-filters=\"417\">\n        <style>.breakdance .bde-container-link-12177-157-13811-12177-1{background-image:url(https:\/\/skaftfell.is\/wp-content\/smush-webp\/2026\/01\/Screenshot-2026-01-21-at-19.25.16.png.webp)}.breakdance .bde-container-link-12177-157-13811-12177-1>*{z-index:1}.breakdance .bde-container-link-12177-157-13811-12177-1>.section-background-overlay{z-index:0}.breakdance .bde-container-link-12177-157-13811-12177-1>.section-background-overlay{background-color:var(--bde-palette-color-1-701212c6-2455-4ce3-a5c8-3fd4ac87c526);transition:background-color 600ms ease-in-out}.breakdance .bde-container-link-12177-157-13811-12177-1{overflow:hidden}.breakdance .bde-container-link-12177-157-13811-12177-1>.section-background-overlay{opacity:1}.breakdance .bde-container-link-12177-157-13811-12177-1>.section-background-overlay{transition:background-color 600ms ease-in-out}.breakdance .bde-container-link-12177-157-13811-12177-1:hover>.section-background-overlay{background-color:#FFD0FF00}<\/style><a class=\"bde-container-link-12177-157-13811-12177-1 bde-container-link bde-container-link-12177-157 breakdance-link\" href=\"https:\/\/skaftfell.is\/is\/exhibition\/roman-signer-the-icelandic-works\/\" target=\"_self\" data-type=\"url\">\n              \n  \n  \n\t\n\n  <div class=\"section-background-overlay\"><\/div>\n\n\n<h5 class=\"bde-heading-12177-164-13811-12177-1 bde-heading bde-heading-12177-164\">\nSkaftfell Gallery\n<\/h5><div class=\"bde-div-12177-166-13811-12177-1 bde-div bde-div-12177-166\">\n  \n  \n\t\n\n\n\n<h6 class=\"bde-heading-12177-165-13811-12177-1 bde-heading bde-heading-12177-165\">\nj\u00fal\u00ed 4, 2026\n<\/h6><h1 class=\"bde-heading-12177-160-13811-12177-1 bde-heading bde-heading-12177-160\">\nRoman Signer: The Icelandic Works\n<\/h1>\n<\/div>\n\n<\/a>    <\/article>\n    <article class=\"bde-loop-item ee-post\" data-filters=\"428\">\n        <style>.breakdance .bde-container-link-12177-157-14050-12177-1{background-image:url(https:\/\/skaftfell.is\/wp-content\/smush-webp\/2026\/03\/2-detail-again.jpg.webp)}.breakdance .bde-container-link-12177-157-14050-12177-1>*{z-index:1}.breakdance .bde-container-link-12177-157-14050-12177-1>.section-background-overlay{z-index:0}.breakdance .bde-container-link-12177-157-14050-12177-1>.section-background-overlay{background-color:var(--bde-palette-color-1-701212c6-2455-4ce3-a5c8-3fd4ac87c526);transition:background-color 600ms ease-in-out}.breakdance .bde-container-link-12177-157-14050-12177-1{overflow:hidden}.breakdance .bde-container-link-12177-157-14050-12177-1>.section-background-overlay{opacity:1}.breakdance .bde-container-link-12177-157-14050-12177-1>.section-background-overlay{transition:background-color 600ms ease-in-out}.breakdance .bde-container-link-12177-157-14050-12177-1:hover>.section-background-overlay{background-color:#FFD0FF00}<\/style><a class=\"bde-container-link-12177-157-14050-12177-1 bde-container-link bde-container-link-12177-157 breakdance-link\" href=\"https:\/\/skaftfell.is\/is\/exhibition\/dreymendur-og-draumgjafar\/\" target=\"_self\" data-type=\"url\">\n              \n  \n  \n\t\n\n  <div class=\"section-background-overlay\"><\/div>\n\n\n<h5 class=\"bde-heading-12177-164-14050-12177-1 bde-heading bde-heading-12177-164\">\nSkaftfellsgaller\u00edi\u00f0\n<\/h5><div class=\"bde-div-12177-166-14050-12177-1 bde-div bde-div-12177-166\">\n  \n  \n\t\n\n\n\n<h6 class=\"bde-heading-12177-165-14050-12177-1 bde-heading bde-heading-12177-165\">\nokt\u00f3ber 3, 2026\n<\/h6><h1 class=\"bde-heading-12177-160-14050-12177-1 bde-heading bde-heading-12177-160\">\nDreymendur og draumgjafar\n<\/h1>\n<\/div>\n\n<\/a>    <\/article>\n<div class=\"bde-loop-item-gutter ee-post-gutter\"><\/div><div class=\"bde-loop-item-sizer ee-post-sizer\"><\/div><\/div>\r\n<\/div><div class=\"bde-button-12785-534 bde-button\">\n    \n                        \n                        \n    \n    \n    \n    \n            \n                    \n            \n            \n\n    \n    \n    \n    \n    \n    <a class=\"breakdance-link button-atom button-atom--text bde-button__button\" href=\"https:\/\/skaftfell.is\/is\/fyrri-syningar\/\" target=\"_self\" data-type=\"url\"  >\n\n    \n        <span class=\"button-atom__text\">Sj\u00e1 fyrri s\u00fdningar<\/span>\n\n        \n                    \n    <span class=\"button-atom__icon-wrapper\">\n\n        \n            <svg class=\"un-arrow-icon\" width=\"10\" height=\"10\" viewBox=\"0 0 10 10\" aria-hidden=\"true\">\n                <g fill-rule=\"evenodd\">\n                    <path class=\"un-arrow-icon_arrow\" d=\"M1 1l4 4-4 4\"><\/path>\n                <\/g>\n            <\/svg>\n\n        \n    <\/span>\n\n\n        \n                <\/a>\n\n    \n\n\n<\/div><\/div>\n<\/section>","protected":false},"excerpt":{"rendered":"<p>S\u00fdningar Listami\u00f0st\u00f6\u00f0in Skaftfell er ein af \u00feremur menningarmi\u00f0st\u00f6\u00f0vum \u00e1 sv\u00e6\u00f0inu sem starfar samkv\u00e6mt samkomulagi um menningarm\u00e1l milli r\u00edkis og sveitarf\u00e9laga \u00e1 Austurlandi. Allar s\u00fdningar Yfirstandandi s\u00fdningar V\u00e6ntanlegt Allar s\u00fdningar Yfirstandandi s\u00fdningar V\u00e6ntanlegt Vesturveggur (Bistr\u00f3) apr\u00edl 10, 2026 Gar\u00f0ar Bachmann \u00de\u00f3r\u00f0arson: Skaflar Skaftfellsgaller\u00edi\u00f0 apr\u00edl 25, 2026 Gar\u00f0ar Eymundsson &#8211; 100 \u00e1ra afm\u00e6li Skaftfellsgaller\u00edi\u00f0 ma\u00ed 8, 2026 [&hellip;]<\/p>\n","protected":false},"author":2,"featured_media":0,"parent":0,"menu_order":0,"comment_status":"closed","ping_status":"closed","template":"","meta":{"_acf_changed":false,"_breakdance_hide_in_design_set":false,"_breakdance_tags":"","footnotes":""},"class_list":["post-12785","page","type-page","status-publish","hentry"],"acf":[],"_links":{"self":[{"href":"https:\/\/skaftfell.is\/is\/wp-json\/wp\/v2\/pages\/12785","targetHints":{"allow":["GET"]}}],"collection":[{"href":"https:\/\/skaftfell.is\/is\/wp-json\/wp\/v2\/pages"}],"about":[{"href":"https:\/\/skaftfell.is\/is\/wp-json\/wp\/v2\/types\/page"}],"author":[{"embeddable":true,"href":"https:\/\/skaftfell.is\/is\/wp-json\/wp\/v2\/users\/2"}],"replies":[{"embeddable":true,"href":"https:\/\/skaftfell.is\/is\/wp-json\/wp\/v2\/comments?post=12785"}],"version-history":[{"count":0,"href":"https:\/\/skaftfell.is\/is\/wp-json\/wp\/v2\/pages\/12785\/revisions"}],"wp:attachment":[{"href":"https:\/\/skaftfell.is\/is\/wp-json\/wp\/v2\/media?parent=12785"}],"curies":[{"name":"wp","href":"https:\/\/api.w.org\/{rel}","templated":true}]}}