{"id":13982,"date":"2025-07-07T13:43:17","date_gmt":"2025-07-07T13:43:17","guid":{"rendered":"https:\/\/skaftfell.is\/um-okkur\/the-house-of-geiri\/"},"modified":"2026-03-06T13:55:04","modified_gmt":"2026-03-06T13:55:04","slug":"geirahus","status":"publish","type":"page","link":"https:\/\/skaftfell.is\/is\/um-okkur\/geirahus\/","title":{"rendered":"Geirah\u00fas"},"content":{"rendered":"<section class=\"bde-section-13982-363 bde-section\">\n  \n  \n\t\n\n\n\n<div class=\"section-container\"><div class=\"bde-div-13982-364 bde-div\">\n  \n  \n\t\n\n\n\n<h1 class=\"bde-heading-13982-365 bde-heading\">\nGeirah\u00fas\n<\/h1>\n<\/div><\/div>\n<\/section><section class=\"bde-section-13982-374 bde-section\">\n  \n  \n\t\n\n\n\n<div class=\"section-container\"><div class=\"bde-text-13982-369 bde-text\">\n\u00c1sgeir J\u00f3n Emilsson (1931-1999)<br><br>\u00c1sgeir Emilsson e\u00f0a Geiri eins og hann var kalla\u00f0ur var litr\u00edkur karakter og listama\u00f0ur af Gu\u00f0s n\u00e1\u00f0. Hann haf\u00f0i \u00f3bilandi sk\u00f6punar\u00fe\u00f6rf og ber heimili hans \u00feess sterk merki. Heimili Geira hefur veri\u00f0 haldi\u00f0 \u00ed n\u00e1nast \u00f3breyttu horfi fr\u00e1 andl\u00e1ti hans og \u00fear m\u00e1 sj\u00e1 hvernig hann lif\u00f0i og vi\u00f0 hva\u00f0 hann f\u00e9kkst \u00ed listsk\u00f6pun sinni.<br><br>Geirah\u00fas er \u00ed eigu og umsj\u00e1 Skaftfells. Endurb\u00e6tur og var\u00f0veisla eru \u00ed fullum gangi og \u00f6ll framl\u00f6g til var\u00f0veislu heimilis og minningar Geira eru \u00fev\u00ed vel \u00feegin.<br><br>Ranns\u00f3knarstofa opin almenningi um Sey\u00f0firska al\u00fe\u00fd\u00f0ulistamanninn \u00c1sgeir J\u00f3n Emilsson (1931\u20131999), \u00fear sem gestir eru hvattir til a\u00f0 deila s\u00f6gum og g\u00f6gnum um Geira. \n<\/div><a class=\"bde-text-link-13982-375 bde-text-link breakdance-link\" href=\"https:\/\/skaftfell.is\/is\/exhibition\/geiri-open-house\/\" target=\"_self\" data-type=\"url\">\n  Geiri, opi\u00f0 h\u00fas<br><br>\n\n<\/a><h3 class=\"bde-heading-13982-376 bde-heading\">\nInnlit \u00ed geirah\u00fas<br>\n<\/h3><div class=\"bde-text-13982-346 bde-text\">\n<iframe width=\"900\" height=\"600\" frameborder=\"0\" allow=\"xr-spatial-tracking; gyroscope; accelerometer\" allowfullscreen scrolling=\"no\" data-src=\"https:\/\/kuula.co\/share\/collection\/7HTnC?logo=-1&info=0&fs=1&vr=1&sd=1&initload=0&thumbs=1\" src=\"data:image\/svg+xml;base64,PHN2ZyB3aWR0aD0iMSIgaGVpZ2h0PSIxIiB4bWxucz0iaHR0cDovL3d3dy53My5vcmcvMjAwMC9zdmciPjwvc3ZnPg==\" class=\"lazyload\" data-load-mode=\"1\"><\/iframe>\n<\/div><\/div>\n<\/section><section class=\"bde-section-13982-110 bde-section\">\n  \n  \n\t\n\n\n\n<div class=\"section-container\"><h3 class=\"bde-heading-13982-370 bde-heading\">\nUm Geira\n<\/h3><div class=\"bde-columns-13982-367 bde-columns\"><div class=\"bde-column-13982-368 bde-column\">\n  \n  \n\t\n\n\n\n<div class=\"bde-text-13982-371 bde-text\">\n\u00c1sgeir Emilsson, Geiri, f\u00e6ddist 1931 a\u00f0 H\u00e1t\u00fani vi\u00f0 H\u00e1nefssta\u00f0areyrar \u00ed Sey\u00f0isfir\u00f0i, yngstur t\u00f3lf systkina. Vi\u00f0 f\u00e6\u00f0ingu var hann blindur \u00e1 \u00f6\u00f0ru auganu og heyrnalaus \u00e1 \u00f6\u00f0ru eyranu. Hann f\u00f3r ekki a\u00f0 ganga fyrr en hann var or\u00f0inn tveggja \u00e1ra gamall. Miki\u00f0 l\u00e1n fylgdi honum a\u00f0 eiga st\u00f3ra og samhenta fj\u00f6lskyldu \u00fear sem margar hendur hj\u00e1lpu\u00f0ust a\u00f0. Sm\u00e1m saman f\u00f3r l\u00edkamsstyrkur hans vaxandi og hann f\u00e9kk mikinn \u00e1huga \u00e1 alls kyns \u00ed\u00fer\u00f3ttum sem hann stunda\u00f0i af kappi fram yfir tv\u00edtugt. Sk\u00f3laganga Geira var me\u00f0 e\u00f0lilegum h\u00e6tti og hann var samfer\u00f0a jafn\u00f6ldrum s\u00ednum a\u00f0 mestu leyti \u00ed n\u00e1minu. Framan af \u00e1tti hann erfitt me\u00f0 talm\u00e1li\u00f0. Einn vetur \u00ed M\u00e1lleysingjask\u00f3lanum ger\u00f0i g\u00e6fumuninn \u00fear. \u00dear l\u00e6r\u00f0i hann einnig f\u00e1ein grunnatri\u00f0i \u00ed sambandi vi\u00f0 myndlist sem n\u00fdttust honum vel seinna, t.d. hvernig h\u00e6gt v\u00e6ri a\u00f0 hnita \u00fat myndir og st\u00e6kka. L\u00edfi\u00f0 \u00e1 Eyrunum einkenndist af vin\u00e1ttu og samhug og Geira var aldrei str\u00edtt \u00fer\u00e1tt fyrir s\u00e9rst\u00f6\u00f0u hans \u00ed tali og tj\u00e1ningu. Eins og a\u00f0rir \u00ed \u00feorpinu \u00f3lst hann upp vi\u00f0 \u00feau st\u00f6rf sem myndu\u00f0u l\u00edfsgrundv\u00f6ll \u00edb\u00faanna; sj\u00f3mennsku, vei\u00f0ar, beitningar og fiskvinnslu.<br><br>Geiri bj\u00f3 alla s\u00edna \u00e6vi \u00e1 Sey\u00f0isfir\u00f0i; fyrst \u00ed H\u00e1t\u00fani \u00fear sem hann bj\u00f3 me\u00f0 foreldrum s\u00ednum og Valger\u00f0i systur sinni og hennar fj\u00f6lskyldu. Fj\u00f6lskyldurnar fluttust \u00ed kaupsta\u00f0inn eftir a\u00f0 Geiri var kominn \u00e1 fullor\u00f0insaldur. Foreldrar hans l\u00e9tust me\u00f0 stuttu millibili snemma \u00e1 \u00e1ttunda \u00e1ratugnum og eftir \u00fea\u00f0 bj\u00f3 hann lengst af einn. Hann stunda\u00f0i sj\u00f3inn framan af \u00e6vinni, f\u00f3r \u00e1 vert\u00ed\u00f0 v\u00edtt og breitt um landi\u00f0, en lengst af starfa\u00f0i hann vi\u00f0 fiskvinnslu \u00e1 Sey\u00f0isfir\u00f0i.<br><br>\u00der\u00e1tt fyrir a\u00f0 vera einfari var hann \u00e1vallt vinamargur og hrifust menn af pers\u00f3nut\u00f6frum hans, einl\u00e6gni og umhyggju fyrir l\u00edtilmagnanum. Hann var alla t\u00ed\u00f0 heyrnarskertur, en l\u00e9t f\u00f6tlunina ekki aftra s\u00e9r \u00fer\u00e1tt fyrir \u00f3g\u00e6tileg vi\u00f0br\u00f6g\u00f0 \u00feeirra sem rangt\u00falku\u00f0u m\u00e1lfar hans og skringilegheit. Vinfengi hans vi\u00f0 Bakkus j\u00f3k oft \u00e1 misskilninginn, en \u00feeir kynntust \u00feegar Geiri var \u00e1 \u00fer\u00edtugsaldrinum og ur\u00f0u nokku\u00f0 g\u00f3\u00f0ir f\u00e9lagar um langt skei\u00f0. Upp \u00far vinskapnum slitna\u00f0i \u00ed lokin og h\u00f6f\u00f0u \u00feeir f\u00e9lagar ekkert samband s\u00ed\u00f0asta \u00e1ratuginn sem Geiri lif\u00f0i, e\u00f0a svo.<br><br>Geiri r\u00e6kta\u00f0i sig a\u00f0 mestu sj\u00e1lfur \u00ed gar\u00f0i listagy\u00f0junnar. Myndlistarn\u00e1mi var ekki fyrir a\u00f0 fara en \u00e1huginn \u00e1 sk\u00f6pun var til sta\u00f0ar fr\u00e1 unga aldri. Vandvirkni og n\u00e6mt auga endurspeglast \u00ed verkum hans, en Geiri var sannkalla\u00f0ur al\u00fe\u00fd\u00f0ulistama\u00f0ur. S\u00ed\u00f0ustu 20 \u00e1r \u00e6vi sinnar bj\u00f3 hann \u00ed litlu h\u00fasi vi\u00f0 Oddag\u00f6tu \u00e1 Sey\u00f0isfir\u00f0i. \u00dear vann hann a\u00f0 list sinni og m\u00e1 me\u00f0 sanni segja a\u00f0 h\u00fan og l\u00edf hans hafi veri\u00f0 eitt. Heimili hans ber vitni um handbrag\u00f0 og starfselju manns me\u00f0 \u00f3\u00ferj\u00f3tandi sk\u00f6punar\u00fer\u00e1. \u00der\u00edv\u00ed\u00f0 verk \u00far d\u00f3sum, rammar \u00far s\u00edgarettup\u00f6kkum, m\u00e1lverk me\u00f0 s\u00edendurteknum m\u00f3t\u00edfum og mikill fj\u00f6ldi lj\u00f3smynda sem bera merki um \u00f3venjulegt sj\u00f3narhorn, eru bur\u00f0ar\u00e1sinn \u00ed \u00e6vistarfi Geira.<br><br>Al\u00fe\u00fd\u00f0ulistama\u00f0urinn \u00c1sgeir Emilsson var\u00f0 br\u00e1\u00f0kvaddur \u00e1 heimili s\u00ednu \u00ed okt\u00f3ber \u00e1ri\u00f0 1999, \u00fe\u00e1 68 \u00e1ra a\u00f0 aldri. Eftir hann liggur mikill fj\u00f6ldi verka sem hann \u00fdmist gaf e\u00f0a seldi svo varla er \u00fea\u00f0 heimili \u00e1 Sey\u00f0isfir\u00f0i og \u00ed n\u00e1grenni a\u00f0 ekki megi finna \u00fear verk eftir Geira. S\u00ed\u00f0ustu \u00e6vi\u00e1rin naut hann \u00feess a\u00f0 vera or\u00f0inn vi\u00f0urkenndur listama\u00f0ur. Margir komu til \u00feess a\u00f0 sj\u00e1 h\u00fasi\u00f0 hans og margt fyrirmenni\u00f0 s\u00f3tti hann heim, m.a. Vigd\u00eds forseti sem var alltaf \u00ed miklu upp\u00e1haldi hj\u00e1<br><br>honum. Vi\u00f0t\u00f6l vi\u00f0 hann komu \u00ed fj\u00f6lmi\u00f0lum og hann t\u00f3k \u00fe\u00e1tt \u00ed m\u00f6rgum sams\u00fdningum. Eitt sterkasta verk \u00feessa einstaka listamanns er heimili hans, sem \u00e6ttingjar hans g\u00e1fu af mikilli rausn sem safn um l\u00edf og list Geira. Safni\u00f0 er n\u00fa reki\u00f0 \u00e1 vegum Skaftfells - mi\u00f0st\u00f6\u00f0var myndlistar \u00e1 Austurlandi.<br><br>P\u00e9tur Kristj\u00e1nsson\n<\/div>\n<\/div><div class=\"bde-column-13982-372 bde-column\">\n  \n  \n\t\n\n\n\n\n<\/div><\/div><div class=\"bde-video-13982-356 bde-video\">\n<div class=\"ee-video-container\">\n            \n                                                    \n                                <div class=\"ee-video ee-vimeo\">\n                    <iframe\n                            class=\"ee-video lozad\"\n                    title=\"\"\n                    data-src=\n                    \"https:\/\/player.vimeo.com\/video\/164539961?dnt=1&amp;app_id=122963&controls=1&playsinline=0\n                    \"\n                    width=\"100%\" height=\"100%\" frameborder=\"0\"\n                    allow=\"autoplay; fullscreen; picture-in-picture\" allowfullscreen>\n                    <\/iframe>\n                <\/div>\n                    \n            \n    <\/div>\n\n<\/div><div class=\"bde-columns-13982-350 bde-columns\"><div class=\"bde-column-13982-351 bde-column\">\n  \n  \n\t\n\n\n\n<h3 class=\"bde-heading-13982-353 bde-heading\">\nHrekkleysi hugans\n<\/h3><div class=\"bde-text-13982-354 bde-text\">\n\u00deegar full\u00feroska ma\u00f0ur finnur fyrir \u00fe\u00f6rf til a\u00f0 skapa eitthva\u00f0 s\u00e9rst\u00e6tt, virkja \u00edmyndunarafl sitt og tj\u00e1ningargle\u00f0i, \u00fe\u00e1 \u00e1 hann a\u00f0eins um eitt a\u00f0 velja: A\u00f0 vitja upprunans, lj\u00faka upp dyrum a\u00f0 bernsku sinni til a\u00f0 hefjast handa \u00fear sem fr\u00e1 var horfi\u00f0: A\u00f0 skapa fyrir sj\u00e1lfan sig. Hann hugar fyrst og fremst a\u00f0 mynd og efni hennar, hvernig \u00fea\u00f0 tengist minningum og atbur\u00f0um l\u00ed\u00f0andi stundar. \u00cd verkunum birtist daglegt st\u00fass, tilv\u00edsun \u00ed \u00fej\u00f3\u00f0s\u00f6gur og sagnir, li\u00f0nir b\u00faskaparh\u00e6ttir, \u00e6vint\u00fdri, go\u00f0s\u00f6gnin. En \u00feegar erfi\u00f0leikar ste\u00f0ja a\u00f0, \u00fe\u00e1 breytist framsetningin, ver\u00f0ur jafnvel hamslaus og ofsafengin, krefjandi, \u00f6grandi, eins og listama\u00f0urinn eigi l\u00edf sitt undir \u00fev\u00ed a\u00f0 heimurinn fylgist grannt me\u00f0. Stundum n\u00e1lgast verkin si\u00f0fr\u00e6\u00f0ilegar spurningar, jafnvel stj\u00f3rnm\u00e1l og h\u00e1speki.<br><br>Al\u00fe\u00fd\u00f0ulist er \u00ed fyrra fallinu heillandi t\u00edmalaus nema eitthva\u00f0 s\u00e9rstakt komi til, hins vegar harmsaga \u00ed einhverri mynd, andnau\u00f0 \u00ed \u00ferengslum og yfir\u00feyrmandi einsemd: h\u00fan breytist \u00fe\u00f3 ekki \u00ed innsta e\u00f0li s\u00ednu, sem er \u00fe\u00f6rfin til a\u00f0 skapa.<br>Al\u00fe\u00fd\u00f0ulistin lj\u00f3mar \u00ed hellnam\u00e1lverkum og ristum sem ger\u00f0ar voru fyrir \u00fe\u00fasundum \u00e1ra, s\u00ed\u00f0an \u00ed mannkynss\u00f6gunni allri. H\u00fan er fj\u00f6lbreytt, s\u00e9rst\u00f6k, \u00fer\u00f3ast sjaldan, tekur stundum hli\u00f0arspor, en fellur aldrei undir st\u00edl e\u00f0a sk\u00f3la \u00ed str\u00f6ngum skilningi n\u00fat\u00edmalistarinnar. Al\u00fe\u00fd\u00f0ulistarma\u00f0urinn leggur oft \u00e1herslu \u00e1 a\u00f0 n\u00e1 fyrirmynd sinni, hvort heldur h\u00fan stendur andsp\u00e6nis honum e\u00f0a lifir \u00ed minni, en \u00fea\u00f0 lei\u00f0ir af sj\u00e1lfu s\u00e9r a\u00f0 l\u00edkingin ver\u00f0ur aldrei fullkomin, \u00fea\u00f0 er eins og ma\u00f0urinn horfi \u00ed gegnum matt gler e\u00f0a grisju, og \u00fear kviknar undri\u00f0: Upplj\u00fakast dyr a\u00f0 t\u00f6fraver\u00f6ld sem vekur f\u00f6gnu\u00f0 og hamingju \u00ed brj\u00f3sti \u00feess sem sko\u00f0ar, \u00fev\u00ed n\u00fa stendur hann allt \u00ed einu andsp\u00e6nis horfinni bernsku sinni.<br><br>\u00c1sgeir Emilsson er d\u00e6mi um al\u00fe\u00fd\u00f0ulistarmann sem er hvort tveggja \u00ed senn: Innhverfur og \u00fathverfur; hann leitar \u00ed skj\u00f3l me\u00f0 \u00feau vi\u00f0fangsefni sem snerta kvikuna, barnslegt hjartalag og s\u00e9rt\u00e6ka reynslu, \u00fear sem hann getur unni\u00f0 \u00ed fri\u00f0i vi\u00f0 sk\u00f6punarverk s\u00edn. \u00cd gr\u00f3fum h\u00f6ndum erfi\u00f0ismannsins ver\u00f0a til f\u00ednlegir gripir unnir \u00far blikkd\u00f3sum: K\u00f3r\u00f3nur, myndarammar, bor\u00f0 og st\u00f3lar, og v\u00edsa \u00ed \u00edslenska v\u00edravirki\u00f0 og b\u00faningaskrauti\u00f0, vafningana, laufin. \u00deetta eru tilger\u00f0arlausir gripir, bl\u00e1tt \u00e1fram og h\u00f3gv\u00e6rir. Hins vegar er s\u00fa tilhneiging a\u00f0 minna ofurl\u00edti\u00f0 \u00e1 sig, \u00fe\u00f3 \u00e1 l\u00e1tlausan m\u00e1ta, m\u00e1la h\u00fas sitt \u00ed f\u00f6grum litum, kallast \u00e1 vi\u00f0 st\u00f3rkostlega n\u00e1tt\u00faru, umkringd<br><br>fj\u00f6llin, og fossana sem steypast ni\u00f0ur hl\u00ed\u00f0arnar. Lj\u00f3smyndirnar eru \u00edgildi n\u00e1nari tengsla vi\u00f0 mannl\u00edf sta\u00f0arins, tilf\u00e6rsla reynslu og hugmynda, einhvers konar uppfylling \u00ed einsemd, skr\u00e1setning daglegra h\u00e1tta, framvindunnar, einstakra vi\u00f0bur\u00f0a e\u00f0a tilviljana sem krydda l\u00edfi\u00f0.<br>\u00c1sgeir Emilsson \u00e1 s\u00e9r ekkert tilsvar \u00ed Al\u00fe\u00fd\u00f0ulist \u00cdslands um verklag og efnisnotkun, en erlendis er \u00fea\u00f0 mikil og vi\u00f0urkennd endurvinnsla, einkum \u00ed Bandar\u00edkjunum, a\u00f0 b\u00faa til skrautmuni og nytjahluti \u00far blikki, og m\u00e1 kynnast \u00feeirri s\u00f6gu \u00ed b\u00f3kum og veraldarvef.<br><br>\u00cdslendingar leita n\u00fa sm\u00e1m saman til upprunans og vi\u00f0urkenna \u00fe\u00e1 listsk\u00f6pun sem stendur lund \u00feeirra n\u00e6st; a\u00f0 sko\u00f0a yndisleg verk, umfangsmiklar heildir, staka hluti, fagra hugsun. Al\u00fe\u00fd\u00f0ulist \u00cdslands er form\u00e1lalaus l\u00edfstj\u00e1ning f\u00f3lks, hjartahrein, m\u00f3tu\u00f0 \u00far sk\u00edrum kjarna s\u00e1larl\u00edfsins - eins og gulli\u00f0.<br><br>N\u00edels Hafstein\n<\/div>\n<\/div><div class=\"bde-column-13982-355 bde-column\">\n  \n  \n\t\n\n\n\n\n<\/div><\/div><\/div>\n<\/section><section class=\"bde-section-13982-277 bde-section\">\n  \n  \n\t\n\n\n\n<div class=\"section-container\"><h4 class=\"bde-heading-13982-278 bde-heading\">\nOther Facilities & Venues\n<\/h4><div class=\"bde-columns-13982-330 bde-columns\"><div class=\"bde-column-13982-323 bde-column\">\n  \n  \n\t\n\n\n\n<div class=\"bde-image-13982-329 bde-image\">\n<figure class=\"breakdance-image breakdance-image--544\">\n\t<div class=\"breakdance-image-container\">\n\t\t<div class=\"breakdance-image-clip\"><img decoding=\"async\" class=\"breakdance-image-object lazyload\" data-src=\"https:\/\/skaftfell.is\/wp-content\/uploads\/2025\/07\/teqd8m9jjcmju75hxfsh.webp\" width=\"1470\" height=\"980\" data-srcset=\"https:\/\/skaftfell.is\/wp-content\/uploads\/2025\/07\/teqd8m9jjcmju75hxfsh.webp 1470w, https:\/\/skaftfell.is\/wp-content\/uploads\/2025\/07\/teqd8m9jjcmju75hxfsh-300x200.webp 300w, https:\/\/skaftfell.is\/wp-content\/uploads\/2025\/07\/teqd8m9jjcmju75hxfsh-1024x683.webp 1024w, https:\/\/skaftfell.is\/wp-content\/uploads\/2025\/07\/teqd8m9jjcmju75hxfsh-768x512.webp 768w\" data-sizes=\"(max-width: 1470px) 100vw, 1470px\" src=\"data:image\/svg+xml;base64,PHN2ZyB3aWR0aD0iMSIgaGVpZ2h0PSIxIiB4bWxucz0iaHR0cDovL3d3dy53My5vcmcvMjAwMC9zdmciPjwvc3ZnPg==\" style=\"--smush-placeholder-width: 1470px; --smush-placeholder-aspect-ratio: 1470\/980;\"><\/div>\n\t<\/div><\/figure>\n\n<\/div><h5 class=\"bde-heading-13982-324 bde-heading\">\nBistr\u00f3\n<\/h5><div class=\"bde-text-13982-325 bde-text\">\nBistr\u00f3 Skaftfells er sta\u00f0sett \u00e1 fyrstu h\u00e6\u00f0 Listami\u00f0st\u00f6\u00f0var Skaftfells, a\u00f0 Austurvegi 42, \u00e1 Sey\u00f0isfir\u00f0i.\n<\/div><div class=\"bde-div-13982-326 bde-div\">\n  \n  \n\t\n\n\n\n<div class=\"bde-button-13982-327 bde-button\">\n    \n                        \n                        \n    \n    \n    \n    \n            \n                    \n            \n            \n\n    \n    \n    \n    \n    \n    <a class=\"breakdance-link button-atom button-atom--custom bde-button__button\" href=\"https:\/\/skaftfell.is\/about-us\/bistro\/\" target=\"_self\" data-type=\"url\"  >\n\n    \n        <span class=\"button-atom__text\">Learn more<\/span>\n\n        \n        \n                <\/a>\n\n    \n\n\n<\/div>\n<\/div>\n<\/div><div class=\"bde-column-13982-357 bde-column\">\n  \n  \n\t\n\n\n\n<div class=\"bde-image-13982-358 bde-image\">\n<figure class=\"breakdance-image breakdance-image--545\">\n\t<div class=\"breakdance-image-container\">\n\t\t<div class=\"breakdance-image-clip\"><img decoding=\"async\" class=\"breakdance-image-object lazyload\" data-src=\"https:\/\/skaftfell.is\/wp-content\/smush-webp\/2025\/07\/Print-Workshop-0546_screen.jpg.webp\" width=\"2000\" height=\"1349\" data-srcset=\"https:\/\/skaftfell.is\/wp-content\/smush-webp\/2025\/07\/Print-Workshop-0546_screen.jpg.webp 2000w, https:\/\/skaftfell.is\/wp-content\/smush-webp\/2025\/07\/Print-Workshop-0546_screen-300x202.jpg.webp 300w, https:\/\/skaftfell.is\/wp-content\/smush-webp\/2025\/07\/Print-Workshop-0546_screen-1024x691.jpg.webp 1024w, https:\/\/skaftfell.is\/wp-content\/smush-webp\/2025\/07\/Print-Workshop-0546_screen-768x518.jpg.webp 768w, https:\/\/skaftfell.is\/wp-content\/smush-webp\/2025\/07\/Print-Workshop-0546_screen-1536x1036.jpg.webp 1536w\" data-sizes=\"(max-width: 2000px) 100vw, 2000px\" src=\"data:image\/svg+xml;base64,PHN2ZyB3aWR0aD0iMSIgaGVpZ2h0PSIxIiB4bWxucz0iaHR0cDovL3d3dy53My5vcmcvMjAwMC9zdmciPjwvc3ZnPg==\" style=\"--smush-placeholder-width: 2000px; --smush-placeholder-aspect-ratio: 2000\/1349;\"><\/div>\n\t<\/div><\/figure>\n\n<\/div><h5 class=\"bde-heading-13982-359 bde-heading\">\nThe Print Workshop\n<\/h5><div class=\"bde-text-13982-360 bde-text\">\nPrentsmi\u00f0jan er samstarfsverkefni sem tileinka\u00f0 er a\u00f0 bj\u00f3\u00f0a upp \u00e1 faglega a\u00f0st\u00f6\u00f0u til prentger\u00f0ar og kennd n\u00e1mskei\u00f0 fyrir listamenn og nemendur \u00e1 \u00f6llum aldursh\u00f3pum, b\u00e6\u00f0i heimamenn og gesti.\n<\/div><div class=\"bde-div-13982-361 bde-div\">\n  \n  \n\t\n\n\n\n<div class=\"bde-button-13982-362 bde-button\">\n    \n                        \n                        \n    \n    \n    \n    \n            \n                    \n            \n            \n\n    \n    \n    \n    \n    \n    <a class=\"breakdance-link button-atom button-atom--custom bde-button__button\" href=\"https:\/\/skaftfell.is\/about-us\/the-print-workshop\/\" target=\"_self\" data-type=\"url\"  >\n\n    \n        <span class=\"button-atom__text\">Learn more<\/span>\n\n        \n        \n                <\/a>\n\n    \n\n\n<\/div>\n<\/div>\n<\/div><div class=\"bde-column-13982-331 bde-column\">\n  \n  \n\t\n\n\n\n<div class=\"bde-image-13982-337 bde-image\">\n<figure class=\"breakdance-image breakdance-image--546\">\n\t<div class=\"breakdance-image-container\">\n\t\t<div class=\"breakdance-image-clip\"><img decoding=\"async\" class=\"breakdance-image-object lazyload\" data-src=\"https:\/\/skaftfell.is\/wp-content\/smush-webp\/2025\/07\/Tvisongur.png.webp\" width=\"1864\" height=\"1198\" data-srcset=\"https:\/\/skaftfell.is\/wp-content\/smush-webp\/2025\/07\/Tvisongur.png.webp 1864w, https:\/\/skaftfell.is\/wp-content\/smush-webp\/2025\/07\/Tvisongur-300x193.png.webp 300w, https:\/\/skaftfell.is\/wp-content\/smush-webp\/2025\/07\/Tvisongur-1024x658.png.webp 1024w, https:\/\/skaftfell.is\/wp-content\/smush-webp\/2025\/07\/Tvisongur-768x494.png.webp 768w, https:\/\/skaftfell.is\/wp-content\/smush-webp\/2025\/07\/Tvisongur-1536x987.png.webp 1536w\" data-sizes=\"(max-width: 1864px) 100vw, 1864px\" src=\"data:image\/svg+xml;base64,PHN2ZyB3aWR0aD0iMSIgaGVpZ2h0PSIxIiB4bWxucz0iaHR0cDovL3d3dy53My5vcmcvMjAwMC9zdmciPjwvc3ZnPg==\" style=\"--smush-placeholder-width: 1864px; --smush-placeholder-aspect-ratio: 1864\/1198;\"><\/div>\n\t<\/div><\/figure>\n\n<\/div><h5 class=\"bde-heading-13982-332 bde-heading\">\nTv\u00eds\u00f6ngur\n<\/h5><div class=\"bde-text-13982-333 bde-text\">\nTv\u00eds\u00f6ngur er listaverk og opinn vettvangur eftir \u00fe\u00fdska listamanninn Lukas K\u00fchne. Hann var opna\u00f0ur almenningi 5. september 2012.\n<\/div><div class=\"bde-div-13982-334 bde-div\">\n  \n  \n\t\n\n\n\n<div class=\"bde-button-13982-335 bde-button\">\n    \n                        \n                        \n    \n    \n    \n    \n            \n                    \n            \n            \n\n    \n    \n    \n    \n    \n    <a class=\"breakdance-link button-atom button-atom--custom bde-button__button\" href=\"https:\/\/skaftfell.is\/about-us\/tvisongur-2\/\" target=\"_self\" data-type=\"url\"  >\n\n    \n        <span class=\"button-atom__text\">Learn more<\/span>\n\n        \n        \n                <\/a>\n\n    \n\n\n<\/div>\n<\/div>\n<\/div><\/div><\/div>\n<\/section>","protected":false},"excerpt":{"rendered":"<p>Geirah\u00fas \u00c1sgeir J\u00f3n Emilsson (1931-1999)\u00c1sgeir Emilsson e\u00f0a Geiri eins og hann var kalla\u00f0ur var litr\u00edkur karakter og listama\u00f0ur af Gu\u00f0s n\u00e1\u00f0. Hann haf\u00f0i \u00f3bilandi sk\u00f6punar\u00fe\u00f6rf og ber heimili hans \u00feess sterk merki. Heimili Geira hefur veri\u00f0 haldi\u00f0 \u00ed n\u00e1nast \u00f3breyttu horfi fr\u00e1 andl\u00e1ti hans og \u00fear m\u00e1 sj\u00e1 hvernig hann lif\u00f0i og vi\u00f0 hva\u00f0 hann [&hellip;]<\/p>\n","protected":false},"author":2,"featured_media":0,"parent":12774,"menu_order":0,"comment_status":"closed","ping_status":"closed","template":"","meta":{"_acf_changed":false,"_breakdance_hide_in_design_set":false,"_breakdance_tags":"","footnotes":""},"class_list":["post-13982","page","type-page","status-publish","hentry"],"acf":[],"_links":{"self":[{"href":"https:\/\/skaftfell.is\/is\/wp-json\/wp\/v2\/pages\/13982","targetHints":{"allow":["GET"]}}],"collection":[{"href":"https:\/\/skaftfell.is\/is\/wp-json\/wp\/v2\/pages"}],"about":[{"href":"https:\/\/skaftfell.is\/is\/wp-json\/wp\/v2\/types\/page"}],"author":[{"embeddable":true,"href":"https:\/\/skaftfell.is\/is\/wp-json\/wp\/v2\/users\/2"}],"replies":[{"embeddable":true,"href":"https:\/\/skaftfell.is\/is\/wp-json\/wp\/v2\/comments?post=13982"}],"version-history":[{"count":0,"href":"https:\/\/skaftfell.is\/is\/wp-json\/wp\/v2\/pages\/13982\/revisions"}],"up":[{"embeddable":true,"href":"https:\/\/skaftfell.is\/is\/wp-json\/wp\/v2\/pages\/12774"}],"wp:attachment":[{"href":"https:\/\/skaftfell.is\/is\/wp-json\/wp\/v2\/media?parent=13982"}],"curies":[{"name":"wp","href":"https:\/\/api.w.org\/{rel}","templated":true}]}}